{"id":4667,"date":"2021-04-30T10:51:49","date_gmt":"2021-04-30T10:51:49","guid":{"rendered":"https:\/\/www.shamanduradiving.com\/perche-tec-diving\/"},"modified":"2023-03-13T23:45:35","modified_gmt":"2023-03-13T23:45:35","slug":"perche-tec-diving","status":"publish","type":"page","link":"https:\/\/shamanduradiving.com\/it\/perche-tec-diving\/","title":{"rendered":"Perch\u00e9 Tec Diving"},"content":{"rendered":"\t\t<div data-elementor-type=\"wp-page\" data-elementor-id=\"4667\" class=\"elementor elementor-4667\">\n\t\t\t\t\t\t<section class=\"elementor-section elementor-top-section elementor-element elementor-element-3c12f9fc elementor-section-content-middle elementor-section-boxed elementor-section-height-default elementor-section-height-default\" data-id=\"3c12f9fc\" data-element_type=\"section\" data-e-type=\"section\">\n\t\t\t\t\t\t<div class=\"elementor-container elementor-column-gap-no\">\n\t\t\t\t\t<div class=\"elementor-column elementor-col-50 elementor-top-column elementor-element elementor-element-297e41b7 sc_inner_width_none sc_layouts_column_icons_position_left\" data-id=\"297e41b7\" data-element_type=\"column\" data-e-type=\"column\">\n\t\t\t<div class=\"elementor-widget-wrap elementor-element-populated\">\n\t\t\t\t\t\t<div class=\"elementor-element elementor-element-50bdb880 sc_fly_static elementor-widget elementor-widget-heading\" data-id=\"50bdb880\" data-element_type=\"widget\" data-e-type=\"widget\" data-widget_type=\"heading.default\">\n\t\t\t\t<div class=\"elementor-widget-container\">\n\t\t\t\t\t<h4 class=\"elementor-heading-title elementor-size-default\">Qual \u00e8 lo scopo delle immersioni tecniche?<\/h4>\t\t\t\t<\/div>\n\t\t\t\t<\/div>\n\t\t\t\t<div class=\"elementor-element elementor-element-292a28e2 sc_fly_static elementor-widget elementor-widget-text-editor\" data-id=\"292a28e2\" data-element_type=\"widget\" data-e-type=\"widget\" data-widget_type=\"text-editor.default\">\n\t\t\t\t<div class=\"elementor-widget-container\">\n\t\t\t\t\t\t\t\t\t<p>Ci sono molte ragioni per cui approcciarsi alle immersioni tecniche: ecco alcune ragioni comuni per le immersioni tecniche:<\/p><p>Esplorazione di relitti \u2013 molti relitti si trovano a profondit\u00e0 che vanno oltre i limiti delle immersioni ricreative<\/p><ul><li>Vita marina \u2013 in particolare le specie pelagiche e gli squali preferiscono rimanere nelle acque pi\u00f9 profonde dove fa pi\u00f9 fresco, quindi le immersioni tecniche ti danno maggiori possibilit\u00e0 di avvistamento. Gli scienziati marini spesso si immergono in immersioni tecniche per ottenere tempi di fondo pi\u00f9 lunghi a profondit\u00e0 estreme per svolgereindagini o semplicemente assumeranno subacquei tecnici specializzati per farlo per loro a scopo di ricerca.<\/li><li>Posizione geografica: alcune regioni si prestano naturalmente alle immersioni tecniche: nel mezzo di Shamandura c&#8217;\u00e8 un&#8217;incredibile localit\u00e0 per le immersioni tecniche con un&#8217;abbondante vita marina e una fenomenale crescita dei coralli nelle profondit\u00e0 oltre ad una insolita vita marina<\/li><li>\u00c8 una sfida e pu\u00f2 quindi essere molto gratificante.<\/li><li>Vedrai parti del mondo sottomarino che pochissimi, se non nessun subacqueo, hanno visto prima.<\/li><\/ul>\t\t\t\t\t\t\t\t<\/div>\n\t\t\t\t<\/div>\n\t\t\t\t\t<\/div>\n\t\t<\/div>\n\t\t\t\t<div class=\"elementor-column elementor-col-50 elementor-top-column elementor-element elementor-element-5261c129 sc_inner_width_none sc_layouts_column_icons_position_left\" data-id=\"5261c129\" data-element_type=\"column\" data-e-type=\"column\">\n\t\t\t<div class=\"elementor-widget-wrap elementor-element-populated\">\n\t\t\t\t\t\t<div class=\"elementor-element elementor-element-4477c35e sc_fly_static elementor-widget elementor-widget-video\" data-id=\"4477c35e\" data-element_type=\"widget\" data-e-type=\"widget\" data-settings=\"{&quot;youtube_url&quot;:&quot;https:\\\/\\\/www.youtube.com\\\/watch?v=8HimPymlYNg&quot;,&quot;autoplay&quot;:&quot;yes&quot;,&quot;play_on_mobile&quot;:&quot;yes&quot;,&quot;video_type&quot;:&quot;youtube&quot;,&quot;controls&quot;:&quot;yes&quot;}\" data-widget_type=\"video.default\">\n\t\t\t\t<div class=\"elementor-widget-container\">\n\t\t\t\t\t\t\t<div class=\"elementor-wrapper elementor-open-inline\">\n\t\t\t<div class=\"elementor-video\"><\/div>\t\t<\/div>\n\t\t\t\t\t\t<\/div>\n\t\t\t\t<\/div>\n\t\t\t\t\t<\/div>\n\t\t<\/div>\n\t\t\t\t\t<\/div>\n\t\t<\/section>\n\t\t\t\t<section class=\"elementor-section elementor-top-section elementor-element elementor-element-cca53fe elementor-section-content-middle elementor-section-boxed elementor-section-height-default elementor-section-height-default\" data-id=\"cca53fe\" data-element_type=\"section\" data-e-type=\"section\">\n\t\t\t\t\t\t<div class=\"elementor-container elementor-column-gap-no\">\n\t\t\t\t\t<div class=\"elementor-column elementor-col-50 elementor-top-column elementor-element elementor-element-f065a36 sc_inner_width_none sc_layouts_column_icons_position_left\" data-id=\"f065a36\" data-element_type=\"column\" data-e-type=\"column\">\n\t\t\t<div class=\"elementor-widget-wrap elementor-element-populated\">\n\t\t\t\t\t\t<div class=\"elementor-element elementor-element-548e74f sc_fly_static elementor-widget elementor-widget-image\" data-id=\"548e74f\" data-element_type=\"widget\" data-e-type=\"widget\" data-widget_type=\"image.default\">\n\t\t\t\t<div class=\"elementor-widget-container\">\n\t\t\t\t\t\t\t\t\t\t\t\t\t\t\t<img fetchpriority=\"high\" decoding=\"async\" width=\"1024\" height=\"683\" src=\"https:\/\/i0.wp.com\/shamanduradiving.com\/wp-content\/uploads\/2021\/04\/Best-rebreather-1.jpg?fit=1024%2C683&amp;ssl=1\" class=\"attachment-large size-large wp-image-4259\" alt=\"\" srcset=\"https:\/\/i0.wp.com\/shamanduradiving.com\/wp-content\/uploads\/2021\/04\/Best-rebreather-1.jpg?w=1200&amp;ssl=1 1200w, https:\/\/i0.wp.com\/shamanduradiving.com\/wp-content\/uploads\/2021\/04\/Best-rebreather-1.jpg?resize=300%2C200&amp;ssl=1 300w, https:\/\/i0.wp.com\/shamanduradiving.com\/wp-content\/uploads\/2021\/04\/Best-rebreather-1.jpg?resize=1024%2C683&amp;ssl=1 1024w, https:\/\/i0.wp.com\/shamanduradiving.com\/wp-content\/uploads\/2021\/04\/Best-rebreather-1.jpg?resize=768%2C512&amp;ssl=1 768w, https:\/\/i0.wp.com\/shamanduradiving.com\/wp-content\/uploads\/2021\/04\/Best-rebreather-1.jpg?resize=370%2C247&amp;ssl=1 370w, https:\/\/i0.wp.com\/shamanduradiving.com\/wp-content\/uploads\/2021\/04\/Best-rebreather-1.jpg?resize=760%2C507&amp;ssl=1 760w, https:\/\/i0.wp.com\/shamanduradiving.com\/wp-content\/uploads\/2021\/04\/Best-rebreather-1.jpg?resize=600%2C400&amp;ssl=1 600w\" sizes=\"(max-width: 1024px) 100vw, 1024px\" \/>\t\t\t\t\t\t\t\t\t\t\t\t\t\t\t<\/div>\n\t\t\t\t<\/div>\n\t\t\t\t\t<\/div>\n\t\t<\/div>\n\t\t\t\t<div class=\"elementor-column elementor-col-50 elementor-top-column elementor-element elementor-element-763aedb sc_inner_width_none sc_layouts_column_icons_position_left\" data-id=\"763aedb\" data-element_type=\"column\" data-e-type=\"column\">\n\t\t\t<div class=\"elementor-widget-wrap elementor-element-populated\">\n\t\t\t\t\t\t<div class=\"elementor-element elementor-element-76ddb19 sc_fly_static elementor-widget elementor-widget-heading\" data-id=\"76ddb19\" data-element_type=\"widget\" data-e-type=\"widget\" data-widget_type=\"heading.default\">\n\t\t\t\t<div class=\"elementor-widget-container\">\n\t\t\t\t\t<h4 class=\"elementor-heading-title elementor-size-default\">Perch\u00e9 le immersioni tecniche?<\/h4>\t\t\t\t<\/div>\n\t\t\t\t<\/div>\n\t\t\t\t<div class=\"elementor-element elementor-element-308d206 sc_fly_static elementor-widget elementor-widget-text-editor\" data-id=\"308d206\" data-element_type=\"widget\" data-e-type=\"widget\" data-widget_type=\"text-editor.default\">\n\t\t\t\t<div class=\"elementor-widget-container\">\n\t\t\t\t\t\t\t\t\t<p>Queste sono ottime giustificazioni per entrare nell&#8217;IT, ma ci sono anche alcuni argomenti contro: tentare di superare un record personale, la profondit\u00e0 di un amico o semplicemente dimostrare che puoi. Concentrazione, prontezza, un atteggiamento responsabile, la capacit\u00e0 di ragionare in modo chiaro e logico sott&#8217;acqua, la capacit\u00e0 di mantenere la calma e, soprattutto, la forza di interrompere un&#8217;immersione quando richiesto sono tutti requisiti per le immersioni tecniche. Se non sei in forma fisica , inizia a lavorare sulla tua forza e resistenza prima del tuo allenamento tecnico perch\u00e9 le immersioni tecniche richiedono anche un certo livello di forma fisica.<\/p>\t\t\t\t\t\t\t\t<\/div>\n\t\t\t\t<\/div>\n\t\t\t\t\t<\/div>\n\t\t<\/div>\n\t\t\t\t\t<\/div>\n\t\t<\/section>\n\t\t\t\t<section class=\"elementor-section elementor-top-section elementor-element elementor-element-c061316 elementor-section-boxed elementor-section-height-default elementor-section-height-default\" data-id=\"c061316\" data-element_type=\"section\" data-e-type=\"section\">\n\t\t\t\t\t\t<div class=\"elementor-container elementor-column-gap-extended\">\n\t\t\t\t\t<div class=\"elementor-column elementor-col-100 elementor-top-column elementor-element elementor-element-5d2cd6f sc_inner_width_none sc_layouts_column_icons_position_left\" data-id=\"5d2cd6f\" data-element_type=\"column\" data-e-type=\"column\">\n\t\t\t<div class=\"elementor-widget-wrap elementor-element-populated\">\n\t\t\t\t\t\t<div class=\"elementor-element elementor-element-f80b59d sc_fly_static elementor-widget elementor-widget-heading\" data-id=\"f80b59d\" data-element_type=\"widget\" data-e-type=\"widget\" data-widget_type=\"heading.default\">\n\t\t\t\t<div class=\"elementor-widget-container\">\n\t\t\t\t\t<h4 class=\"elementor-heading-title elementor-size-default\">Consulta i nostri Corsi di Immersione Tecnica<\/h4>\t\t\t\t<\/div>\n\t\t\t\t<\/div>\n\t\t\t\t\t<\/div>\n\t\t<\/div>\n\t\t\t\t\t<\/div>\n\t\t<\/section>\n\t\t\t\t<\/div>\n\t\t","protected":false},"excerpt":{"rendered":"<p>Qual \u00e8 lo scopo delle immersioni tecniche? Ci sono molte ragioni per&hellip;<\/p>\n","protected":false},"author":1,"featured_media":0,"parent":0,"menu_order":0,"comment_status":"closed","ping_status":"closed","template":"","meta":{"om_disable_all_campaigns":false,"footnotes":""},"class_list":["post-4667","page","type-page","status-publish","hentry"],"jetpack_sharing_enabled":true,"_links":{"self":[{"href":"https:\/\/shamanduradiving.com\/it\/wp-json\/wp\/v2\/pages\/4667","targetHints":{"allow":["GET"]}}],"collection":[{"href":"https:\/\/shamanduradiving.com\/it\/wp-json\/wp\/v2\/pages"}],"about":[{"href":"https:\/\/shamanduradiving.com\/it\/wp-json\/wp\/v2\/types\/page"}],"author":[{"embeddable":true,"href":"https:\/\/shamanduradiving.com\/it\/wp-json\/wp\/v2\/users\/1"}],"replies":[{"embeddable":true,"href":"https:\/\/shamanduradiving.com\/it\/wp-json\/wp\/v2\/comments?post=4667"}],"version-history":[{"count":0,"href":"https:\/\/shamanduradiving.com\/it\/wp-json\/wp\/v2\/pages\/4667\/revisions"}],"wp:attachment":[{"href":"https:\/\/shamanduradiving.com\/it\/wp-json\/wp\/v2\/media?parent=4667"}],"curies":[{"name":"wp","href":"https:\/\/api.w.org\/{rel}","templated":true}]}}