{"id":4695,"date":"2021-05-03T13:20:51","date_gmt":"2021-05-03T13:20:51","guid":{"rendered":"https:\/\/www.shamanduradiving.com\/snorkeling-e-introduzione\/"},"modified":"2023-03-13T23:38:34","modified_gmt":"2023-03-13T23:38:34","slug":"snorkeling-e-introduzione","status":"publish","type":"page","link":"https:\/\/shamanduradiving.com\/it\/snorkeling-e-introduzione\/","title":{"rendered":"Snorkeling e immersione introduttiva"},"content":{"rendered":"\t\t<div data-elementor-type=\"wp-page\" data-elementor-id=\"4695\" class=\"elementor elementor-4695\">\n\t\t\t\t\t\t<section class=\"elementor-section elementor-top-section elementor-element elementor-element-a59ca4b elementor-section-boxed elementor-section-height-default elementor-section-height-default\" data-id=\"a59ca4b\" data-element_type=\"section\" data-e-type=\"section\">\n\t\t\t\t\t\t<div class=\"elementor-container elementor-column-gap-extended\">\n\t\t\t\t\t<div class=\"elementor-column elementor-col-100 elementor-top-column elementor-element elementor-element-91f5f1e sc_inner_width_none sc_layouts_column_icons_position_left\" data-id=\"91f5f1e\" data-element_type=\"column\" data-e-type=\"column\">\n\t\t\t<div class=\"elementor-widget-wrap elementor-element-populated\">\n\t\t\t\t\t\t<div class=\"elementor-element elementor-element-43d1bee sc_fly_static elementor-widget elementor-widget-text-editor\" data-id=\"43d1bee\" data-element_type=\"widget\" data-e-type=\"widget\" data-widget_type=\"text-editor.default\">\n\t\t\t\t<div class=\"elementor-widget-container\">\n\t\t\t\t\t\t\t\t\t<p>C&#8217;\u00e8 la possibilit\u00e0 di osservare mucche di mare, tartarughe e delfini in uno dei luoghi pi\u00f9 emozionanti per le immersioni e lo snorkeling, con una lunga spiaggia sabbiosa e barriere coralline. Dalla spiaggia \u00e8 possibile praticare lo snorkeling. Consultate questa pratica guida per trovare il vostro stile di barriera corallina: dall&#8217;indossare maschera e boccaglio o fare la vostra prima immersione, alle esperienze di immersione uniche riservate ai subacquei certificati.<\/p>\n\t\t\t\t\t\t\t\t<\/div>\n\t\t\t\t<\/div>\n\t\t\t\t\t<\/div>\n\t\t<\/div>\n\t\t\t\t\t<\/div>\n\t\t<\/section>\n\t\t\t\t<section class=\"elementor-section elementor-top-section elementor-element elementor-element-57ce24e elementor-section-stretched scheme_default elementor-section-boxed elementor-section-height-default elementor-section-height-default\" data-id=\"57ce24e\" data-element_type=\"section\" data-e-type=\"section\" data-settings=\"{&quot;stretch_section&quot;:&quot;section-stretched&quot;,&quot;background_background&quot;:&quot;classic&quot;}\">\n\t\t\t\t\t\t<div class=\"elementor-container elementor-column-gap-extended\">\n\t\t\t\t\t<div class=\"elementor-column elementor-col-100 elementor-top-column elementor-element elementor-element-452eb61 sc_inner_width_none sc_layouts_column_icons_position_left\" data-id=\"452eb61\" data-element_type=\"column\" data-e-type=\"column\">\n\t\t\t<div class=\"elementor-widget-wrap elementor-element-populated\">\n\t\t\t\t\t\t<div class=\"elementor-element elementor-element-98ee1d1 sc_fly_static elementor-widget elementor-widget-trx_sc_title\" data-id=\"98ee1d1\" data-element_type=\"widget\" data-e-type=\"widget\" data-widget_type=\"trx_sc_title.default\">\n\t\t\t\t<div class=\"elementor-widget-container\">\n\t\t\t\t\t<div id=\"trx_sc_title_1117539730\"\n\t\tclass=\"sc_title sc_title_decoration\"><h2 class=\"sc_item_title sc_title_title sc_align_center sc_item_title_style_decoration\"><span class=\"sc_item_title_text\">Pacchetti immersioni<\/span><\/h2><\/div><!-- \/.sc_title -->\t\t\t\t<\/div>\n\t\t\t\t<\/div>\n\t\t\t\t<div class=\"elementor-element elementor-element-7e9d9d4 sc_fly_static elementor-widget elementor-widget-spacer\" data-id=\"7e9d9d4\" data-element_type=\"widget\" data-e-type=\"widget\" data-widget_type=\"spacer.default\">\n\t\t\t\t<div class=\"elementor-widget-container\">\n\t\t\t\t\t\t\t<div class=\"elementor-spacer\">\n\t\t\t<div class=\"elementor-spacer-inner\"><\/div>\n\t\t<\/div>\n\t\t\t\t\t\t<\/div>\n\t\t\t\t<\/div>\n\t\t\t\t<div class=\"elementor-element elementor-element-108a03e animated-fast sc_fly_static elementor-invisible elementor-widget elementor-widget-trx_sc_blogger\" data-id=\"108a03e\" data-element_type=\"widget\" data-e-type=\"widget\" data-settings=\"{&quot;_animation_tablet&quot;:&quot;none&quot;,&quot;_animation_mobile&quot;:&quot;none&quot;,&quot;_animation&quot;:&quot;briny-fadeinup&quot;,&quot;_animation_delay&quot;:500}\" data-widget_type=\"trx_sc_blogger.default\">\n\t\t\t\t<div class=\"elementor-widget-container\">\n\t\t\t\t\t<div  id=\"trx_sc_blogger_796555921\"\t\tclass=\"sc_blogger sc_blogger_default sc_blogger_default_classic_2\"><div class=\"sc_blogger_columns_wrap sc_item_columns sc_item_posts_container trx_addons_columns_wrap columns_padding_bottom\"><div class=\"trx_addons_column-1_3\"><div data-post-id=\"5044\" class=\"sc_blogger_item sc_blogger_item_default sc_blogger_item_default_classic_2 sc_blogger_item_odd sc_blogger_item_align_none post_format_standard sc_blogger_item_with_image sc_blogger_item_image_position_top post-5044 product type-product status-publish has-post-thumbnail product_cat-snorkeling-e-immersione-introduttiva first instock virtual purchasable product-type-simple\" data-item-number=\"1\"\n\t><div class=\"sc_blogger_item_body\"><div class=\"post_featured with_thumb hover_fade sc_item_featured sc_blogger_item_featured post_featured_bg briny_inline_1891850206\" data-ratio=\"1:1\">\t\t\t\t\t\t<div class=\"mask\"><\/div>\n\t\t\t\t\t\t\t\t\t<div class=\"post_info\">\n\t\t\t\t<div class=\"post_info_back\">\n\t\t\t\t\t<h4 class=\"post_title\">\n\t\t\t\t\t\t\t\t\t\t\t\t<a href=\"https:\/\/shamanduradiving.com\/it\/product\/snorkeling-in-ras-mohamed\/\" >\n\t\t\t\t\t\t\tSnorkeling a Ras Mohamed\t\t\t\t\t\t\t<\/a>\n\t\t\t\t\t\t\t\t\t\t\t\t<\/h4>\n\t\t\t\t\t<div class=\"post_descr\">\n\t\t\t\t\t\t\t\t<div class=\"post_meta\">\n\t\t\t<span class=\"post_meta_item post_categories\"><a href=\"https:\/\/shamanduradiving.com\/it\/product-category\/snorkeling-e-immersione-introduttiva\/\" title=\"View all posts in Snorkeling e immersione introduttiva\">Snorkeling e immersione introduttiva<\/a><\/span> <span class=\"post_meta_item post_date\"><a href=\"https:\/\/shamanduradiving.com\/it\/product\/snorkeling-in-ras-mohamed\/\">Ottobre 9, 2022<\/a><\/span> \t\t<\/div><!-- .post_meta -->\n\t\t\t\t\t\t\t<\/div>\n\t\t\t\t<\/div>\n\t\t\t<\/div>\n\t\t\t<div class=\"post_info_bl\"><div class=\"post_meta sc_blogger_item_meta post_meta_categories\">\n\t\t\t<span class=\"post_meta_item post_categories\"><a href=\"https:\/\/shamanduradiving.com\/it\/product-category\/snorkeling-e-immersione-introduttiva\/\" title=\"View all posts in Snorkeling e immersione introduttiva\">Snorkeling e immersione introduttiva<\/a><\/span> \t\t<\/div><!-- .post_meta --><\/div><\/div><div class=\"sc_blogger_item_content entry-content\"><h5 class=\"sc_blogger_item_title entry-title\" data-item-number=\"1\"><a href=\"https:\/\/shamanduradiving.com\/it\/product\/snorkeling-in-ras-mohamed\/\" rel=\"bookmark\">Snorkeling a Ras Mohamed<\/a><\/h5>\t\t<div class=\"post_meta sc_blogger_item_meta post_meta\">\n\t\t\t\t\t<\/div><!-- .post_meta -->\n\t\t<div class=\"sc_blogger_item_excerpt\">* Pranzo, bevande e attrezzatura per lo snorkeling inclusi. \n* Bambini da&hellip;<\/div><\/div><!-- .entry-content --><\/div><!-- .sc_blogger_item_body --><\/div><!-- .sc_blogger_item --><\/div><div class=\"trx_addons_column-1_3\"><div data-post-id=\"5045\" class=\"sc_blogger_item sc_blogger_item_default sc_blogger_item_default_classic_2 sc_blogger_item_even sc_blogger_item_align_none post_format_standard sc_blogger_item_with_image sc_blogger_item_image_position_top post-5045 product type-product status-publish has-post-thumbnail product_cat-snorkeling-e-immersione-introduttiva  instock virtual purchasable product-type-simple\" data-item-number=\"2\"\n\t><div class=\"sc_blogger_item_body\"><div class=\"post_featured with_thumb hover_fade sc_item_featured sc_blogger_item_featured post_featured_bg briny_inline_330370428\" data-ratio=\"1:1\">\t\t\t\t\t\t<div class=\"mask\"><\/div>\n\t\t\t\t\t\t\t\t\t<div class=\"post_info\">\n\t\t\t\t<div class=\"post_info_back\">\n\t\t\t\t\t<h4 class=\"post_title\">\n\t\t\t\t\t\t\t\t\t\t\t\t<a href=\"https:\/\/shamanduradiving.com\/it\/product\/snorkeling-nellisola-di-tiran\/\" >\n\t\t\t\t\t\t\tSnorkeling nell&#8217;isola di Tiran\t\t\t\t\t\t\t<\/a>\n\t\t\t\t\t\t\t\t\t\t\t\t<\/h4>\n\t\t\t\t\t<div class=\"post_descr\">\n\t\t\t\t\t\t\t\t<div class=\"post_meta\">\n\t\t\t<span class=\"post_meta_item post_categories\"><a href=\"https:\/\/shamanduradiving.com\/it\/product-category\/snorkeling-e-immersione-introduttiva\/\" title=\"View all posts in Snorkeling e immersione introduttiva\">Snorkeling e immersione introduttiva<\/a><\/span> <span class=\"post_meta_item post_date\"><a href=\"https:\/\/shamanduradiving.com\/it\/product\/snorkeling-nellisola-di-tiran\/\">Ottobre 9, 2022<\/a><\/span> \t\t<\/div><!-- .post_meta -->\n\t\t\t\t\t\t\t<\/div>\n\t\t\t\t<\/div>\n\t\t\t<\/div>\n\t\t\t<div class=\"post_info_bl\"><div class=\"post_meta sc_blogger_item_meta post_meta_categories\">\n\t\t\t<span class=\"post_meta_item post_categories\"><a href=\"https:\/\/shamanduradiving.com\/it\/product-category\/snorkeling-e-immersione-introduttiva\/\" title=\"View all posts in Snorkeling e immersione introduttiva\">Snorkeling e immersione introduttiva<\/a><\/span> \t\t<\/div><!-- .post_meta --><\/div><\/div><div class=\"sc_blogger_item_content entry-content\"><h5 class=\"sc_blogger_item_title entry-title\" data-item-number=\"2\"><a href=\"https:\/\/shamanduradiving.com\/it\/product\/snorkeling-nellisola-di-tiran\/\" rel=\"bookmark\">Snorkeling nell&#8217;isola di Tiran<\/a><\/h5>\t\t<div class=\"post_meta sc_blogger_item_meta post_meta\">\n\t\t\t\t\t<\/div><!-- .post_meta -->\n\t\t<div class=\"sc_blogger_item_excerpt\">* Pranzo, bevande e attrezzatura per lo snorkeling inclusi. \n* Bambini da&hellip;<\/div><\/div><!-- .entry-content --><\/div><!-- .sc_blogger_item_body --><\/div><!-- .sc_blogger_item --><\/div><div class=\"trx_addons_column-1_3\"><div data-post-id=\"5046\" class=\"sc_blogger_item sc_blogger_item_default sc_blogger_item_default_classic_2 sc_blogger_item_odd sc_blogger_item_align_none post_format_standard sc_blogger_item_with_image sc_blogger_item_image_position_top post-5046 product type-product status-publish has-post-thumbnail product_cat-snorkeling-e-immersione-introduttiva  instock virtual purchasable product-type-simple\" data-item-number=\"3\"\n\t><div class=\"sc_blogger_item_body\"><div class=\"post_featured with_thumb hover_fade sc_item_featured sc_blogger_item_featured post_featured_bg briny_inline_1640140745\" data-ratio=\"1:1\">\t\t\t\t\t\t<div class=\"mask\"><\/div>\n\t\t\t\t\t\t\t\t\t<div class=\"post_info\">\n\t\t\t\t<div class=\"post_info_back\">\n\t\t\t\t\t<h4 class=\"post_title\">\n\t\t\t\t\t\t\t\t\t\t\t\t<a href=\"https:\/\/shamanduradiving.com\/it\/product\/introduzione-allimmersione-dalla-barca\/\" >\n\t\t\t\t\t\t\tImmersione dalla barca\t\t\t\t\t\t\t<\/a>\n\t\t\t\t\t\t\t\t\t\t\t\t<\/h4>\n\t\t\t\t\t<div class=\"post_descr\">\n\t\t\t\t\t\t\t\t<div class=\"post_meta\">\n\t\t\t<span class=\"post_meta_item post_categories\"><a href=\"https:\/\/shamanduradiving.com\/it\/product-category\/snorkeling-e-immersione-introduttiva\/\" title=\"View all posts in Snorkeling e immersione introduttiva\">Snorkeling e immersione introduttiva<\/a><\/span> <span class=\"post_meta_item post_date\"><a href=\"https:\/\/shamanduradiving.com\/it\/product\/introduzione-allimmersione-dalla-barca\/\">Ottobre 9, 2022<\/a><\/span> \t\t<\/div><!-- .post_meta -->\n\t\t\t\t\t\t\t<\/div>\n\t\t\t\t<\/div>\n\t\t\t<\/div>\n\t\t\t<div class=\"post_info_bl\"><div class=\"post_meta sc_blogger_item_meta post_meta_categories\">\n\t\t\t<span class=\"post_meta_item post_categories\"><a href=\"https:\/\/shamanduradiving.com\/it\/product-category\/snorkeling-e-immersione-introduttiva\/\" title=\"View all posts in Snorkeling e immersione introduttiva\">Snorkeling e immersione introduttiva<\/a><\/span> \t\t<\/div><!-- .post_meta --><\/div><\/div><div class=\"sc_blogger_item_content entry-content\"><h5 class=\"sc_blogger_item_title entry-title\" data-item-number=\"3\"><a href=\"https:\/\/shamanduradiving.com\/it\/product\/introduzione-allimmersione-dalla-barca\/\" rel=\"bookmark\">Immersione dalla barca<\/a><\/h5>\t\t<div class=\"post_meta sc_blogger_item_meta post_meta\">\n\t\t\t\t\t<\/div><!-- .post_meta -->\n\t\t<div class=\"sc_blogger_item_excerpt\">* Pranzo, bevande e attrezzatura per lo snorkeling inclusi. \n* Bambini da&hellip;<\/div><\/div><!-- .entry-content --><\/div><!-- .sc_blogger_item_body --><\/div><!-- .sc_blogger_item --><\/div><div class=\"trx_addons_column-1_3\"><div data-post-id=\"5047\" class=\"sc_blogger_item sc_blogger_item_default sc_blogger_item_default_classic_2 sc_blogger_item_even sc_blogger_item_align_none post_format_standard sc_blogger_item_with_image sc_blogger_item_image_position_top post-5047 product type-product status-publish has-post-thumbnail product_cat-snorkeling-e-immersione-introduttiva last instock virtual purchasable product-type-simple\" data-item-number=\"4\"\n\t><div class=\"sc_blogger_item_body\"><div class=\"post_featured with_thumb hover_fade sc_item_featured sc_blogger_item_featured post_featured_bg briny_inline_2083064635\" data-ratio=\"1:1\">\t\t\t\t\t\t<div class=\"mask\"><\/div>\n\t\t\t\t\t\t\t\t\t<div class=\"post_info\">\n\t\t\t\t<div class=\"post_info_back\">\n\t\t\t\t\t<h4 class=\"post_title\">\n\t\t\t\t\t\t\t\t\t\t\t\t<a href=\"https:\/\/shamanduradiving.com\/it\/product\/tuffo-lungo-intro-dalla-barca\/\" >\n\t\t\t\t\t\t\tImmersione lunga dalla barca\t\t\t\t\t\t\t<\/a>\n\t\t\t\t\t\t\t\t\t\t\t\t<\/h4>\n\t\t\t\t\t<div class=\"post_descr\">\n\t\t\t\t\t\t\t\t<div class=\"post_meta\">\n\t\t\t<span class=\"post_meta_item post_categories\"><a href=\"https:\/\/shamanduradiving.com\/it\/product-category\/snorkeling-e-immersione-introduttiva\/\" title=\"View all posts in Snorkeling e immersione introduttiva\">Snorkeling e immersione introduttiva<\/a><\/span> <span class=\"post_meta_item post_date\"><a href=\"https:\/\/shamanduradiving.com\/it\/product\/tuffo-lungo-intro-dalla-barca\/\">Ottobre 9, 2022<\/a><\/span> \t\t<\/div><!-- .post_meta -->\n\t\t\t\t\t\t\t<\/div>\n\t\t\t\t<\/div>\n\t\t\t<\/div>\n\t\t\t<div class=\"post_info_bl\"><div class=\"post_meta sc_blogger_item_meta post_meta_categories\">\n\t\t\t<span class=\"post_meta_item post_categories\"><a href=\"https:\/\/shamanduradiving.com\/it\/product-category\/snorkeling-e-immersione-introduttiva\/\" title=\"View all posts in Snorkeling e immersione introduttiva\">Snorkeling e immersione introduttiva<\/a><\/span> \t\t<\/div><!-- .post_meta --><\/div><\/div><div class=\"sc_blogger_item_content entry-content\"><h5 class=\"sc_blogger_item_title entry-title\" data-item-number=\"4\"><a href=\"https:\/\/shamanduradiving.com\/it\/product\/tuffo-lungo-intro-dalla-barca\/\" rel=\"bookmark\">Immersione lunga dalla barca<\/a><\/h5>\t\t<div class=\"post_meta sc_blogger_item_meta post_meta\">\n\t\t\t\t\t<\/div><!-- .post_meta -->\n\t\t<div class=\"sc_blogger_item_excerpt\">* Pranzo, bevande e attrezzatura per lo snorkeling inclusi. \n* Bambini da&hellip;<\/div><\/div><!-- .entry-content --><\/div><!-- .sc_blogger_item_body --><\/div><!-- .sc_blogger_item --><\/div><div class=\"trx_addons_column-1_3\"><div data-post-id=\"5048\" class=\"sc_blogger_item sc_blogger_item_default sc_blogger_item_default_classic_2 sc_blogger_item_odd sc_blogger_item_align_none post_format_standard sc_blogger_item_with_image sc_blogger_item_image_position_top post-5048 product type-product status-publish has-post-thumbnail product_cat-snorkeling-e-immersione-introduttiva first instock virtual purchasable product-type-simple\" data-item-number=\"5\"\n\t><div class=\"sc_blogger_item_body\"><div class=\"post_featured with_thumb hover_fade sc_item_featured sc_blogger_item_featured post_featured_bg briny_inline_889831980\" data-ratio=\"1:1\">\t\t\t\t\t\t<div class=\"mask\"><\/div>\n\t\t\t\t\t\t\t\t\t<div class=\"post_info\">\n\t\t\t\t<div class=\"post_info_back\">\n\t\t\t\t\t<h4 class=\"post_title\">\n\t\t\t\t\t\t\t\t\t\t\t\t<a href=\"https:\/\/shamanduradiving.com\/it\/product\/introduzione-immersione-dalla-spiaggia\/\" >\n\t\t\t\t\t\t\tImmersione dalla riva\t\t\t\t\t\t\t<\/a>\n\t\t\t\t\t\t\t\t\t\t\t\t<\/h4>\n\t\t\t\t\t<div class=\"post_descr\">\n\t\t\t\t\t\t\t\t<div class=\"post_meta\">\n\t\t\t<span class=\"post_meta_item post_categories\"><a href=\"https:\/\/shamanduradiving.com\/it\/product-category\/snorkeling-e-immersione-introduttiva\/\" title=\"View all posts in Snorkeling e immersione introduttiva\">Snorkeling e immersione introduttiva<\/a><\/span> <span class=\"post_meta_item post_date\"><a href=\"https:\/\/shamanduradiving.com\/it\/product\/introduzione-immersione-dalla-spiaggia\/\">Ottobre 9, 2022<\/a><\/span> \t\t<\/div><!-- .post_meta -->\n\t\t\t\t\t\t\t<\/div>\n\t\t\t\t<\/div>\n\t\t\t<\/div>\n\t\t\t<div class=\"post_info_bl\"><div class=\"post_meta sc_blogger_item_meta post_meta_categories\">\n\t\t\t<span class=\"post_meta_item post_categories\"><a href=\"https:\/\/shamanduradiving.com\/it\/product-category\/snorkeling-e-immersione-introduttiva\/\" title=\"View all posts in Snorkeling e immersione introduttiva\">Snorkeling e immersione introduttiva<\/a><\/span> \t\t<\/div><!-- .post_meta --><\/div><\/div><div class=\"sc_blogger_item_content entry-content\"><h5 class=\"sc_blogger_item_title entry-title\" data-item-number=\"5\"><a href=\"https:\/\/shamanduradiving.com\/it\/product\/introduzione-immersione-dalla-spiaggia\/\" rel=\"bookmark\">Immersione dalla riva<\/a><\/h5>\t\t<div class=\"post_meta sc_blogger_item_meta post_meta\">\n\t\t\t\t\t<\/div><!-- .post_meta -->\n\t\t<div class=\"sc_blogger_item_excerpt\">* Pranzo, bevande e attrezzatura per lo snorkeling inclusi. \n* Bambini da&hellip;<\/div><\/div><!-- .entry-content --><\/div><!-- .sc_blogger_item_body --><\/div><!-- .sc_blogger_item --><\/div><div class=\"trx_addons_column-1_3\"><div data-post-id=\"5049\" class=\"sc_blogger_item sc_blogger_item_default sc_blogger_item_default_classic_2 sc_blogger_item_even sc_blogger_item_align_none post_format_standard sc_blogger_item_with_image sc_blogger_item_image_position_top post-5049 product type-product status-publish has-post-thumbnail product_cat-snorkeling-e-immersione-introduttiva  instock virtual purchasable product-type-simple\" data-item-number=\"6\"\n\t><div class=\"sc_blogger_item_body\"><div class=\"post_featured with_thumb hover_fade sc_item_featured sc_blogger_item_featured post_featured_bg briny_inline_571711891\" data-ratio=\"1:1\">\t\t\t\t\t\t<div class=\"mask\"><\/div>\n\t\t\t\t\t\t\t\t\t<div class=\"post_info\">\n\t\t\t\t<div class=\"post_info_back\">\n\t\t\t\t\t<h4 class=\"post_title\">\n\t\t\t\t\t\t\t\t\t\t\t\t<a href=\"https:\/\/shamanduradiving.com\/it\/product\/immersione-lunga-dalla-riva\/\" >\n\t\t\t\t\t\t\tImmersione lunga dalla riva\t\t\t\t\t\t\t<\/a>\n\t\t\t\t\t\t\t\t\t\t\t\t<\/h4>\n\t\t\t\t\t<div class=\"post_descr\">\n\t\t\t\t\t\t\t\t<div class=\"post_meta\">\n\t\t\t<span class=\"post_meta_item post_categories\"><a href=\"https:\/\/shamanduradiving.com\/it\/product-category\/snorkeling-e-immersione-introduttiva\/\" title=\"View all posts in Snorkeling e immersione introduttiva\">Snorkeling e immersione introduttiva<\/a><\/span> <span class=\"post_meta_item post_date\"><a href=\"https:\/\/shamanduradiving.com\/it\/product\/immersione-lunga-dalla-riva\/\">Ottobre 9, 2022<\/a><\/span> \t\t<\/div><!-- .post_meta -->\n\t\t\t\t\t\t\t<\/div>\n\t\t\t\t<\/div>\n\t\t\t<\/div>\n\t\t\t<div class=\"post_info_bl\"><div class=\"post_meta sc_blogger_item_meta post_meta_categories\">\n\t\t\t<span class=\"post_meta_item post_categories\"><a href=\"https:\/\/shamanduradiving.com\/it\/product-category\/snorkeling-e-immersione-introduttiva\/\" title=\"View all posts in Snorkeling e immersione introduttiva\">Snorkeling e immersione introduttiva<\/a><\/span> \t\t<\/div><!-- .post_meta --><\/div><\/div><div class=\"sc_blogger_item_content entry-content\"><h5 class=\"sc_blogger_item_title entry-title\" data-item-number=\"6\"><a href=\"https:\/\/shamanduradiving.com\/it\/product\/immersione-lunga-dalla-riva\/\" rel=\"bookmark\">Immersione lunga dalla riva<\/a><\/h5>\t\t<div class=\"post_meta sc_blogger_item_meta post_meta\">\n\t\t\t\t\t<\/div><!-- .post_meta -->\n\t\t<div class=\"sc_blogger_item_excerpt\">* Pranzo, bevande e attrezzatura per lo snorkeling inclusi. \n* Bambini da&hellip;<\/div><\/div><!-- .entry-content --><\/div><!-- .sc_blogger_item_body --><\/div><!-- .sc_blogger_item --><\/div><div class=\"trx_addons_column-1_3\"><div data-post-id=\"5259\" class=\"sc_blogger_item sc_blogger_item_default sc_blogger_item_default_classic_2 sc_blogger_item_odd sc_blogger_item_align_none post_format_standard sc_blogger_item_with_image sc_blogger_item_image_position_top post-5259 product type-product status-publish has-post-thumbnail product_cat-snorkeling-e-immersione-introduttiva  instock shipping-taxable purchasable product-type-simple\" data-item-number=\"7\"\n\t><div class=\"sc_blogger_item_body\"><div class=\"post_featured with_thumb hover_fade sc_item_featured sc_blogger_item_featured post_featured_bg briny_inline_249324458\" data-ratio=\"1:1\">\t\t\t\t\t\t<div class=\"mask\"><\/div>\n\t\t\t\t\t\t\t\t\t<div class=\"post_info\">\n\t\t\t\t<div class=\"post_info_back\">\n\t\t\t\t\t<h4 class=\"post_title\">\n\t\t\t\t\t\t\t\t\t\t\t\t<a href=\"https:\/\/shamanduradiving.com\/it\/product\/snorkeling-a-whiteisland\/\" >\n\t\t\t\t\t\t\tSnorkeling a White Island\t\t\t\t\t\t\t<\/a>\n\t\t\t\t\t\t\t\t\t\t\t\t<\/h4>\n\t\t\t\t\t<div class=\"post_descr\">\n\t\t\t\t\t\t\t\t<div class=\"post_meta\">\n\t\t\t<span class=\"post_meta_item post_categories\"><a href=\"https:\/\/shamanduradiving.com\/it\/product-category\/snorkeling-e-immersione-introduttiva\/\" title=\"View all posts in Snorkeling e immersione introduttiva\">Snorkeling e immersione introduttiva<\/a><\/span> <span class=\"post_meta_item post_date\"><a href=\"https:\/\/shamanduradiving.com\/it\/product\/snorkeling-a-whiteisland\/\">Aprile 12, 2023<\/a><\/span> \t\t<\/div><!-- .post_meta -->\n\t\t\t\t\t\t\t<\/div>\n\t\t\t\t<\/div>\n\t\t\t<\/div>\n\t\t\t<div class=\"post_info_bl\"><div class=\"post_meta sc_blogger_item_meta post_meta_categories\">\n\t\t\t<span class=\"post_meta_item post_categories\"><a href=\"https:\/\/shamanduradiving.com\/it\/product-category\/snorkeling-e-immersione-introduttiva\/\" title=\"View all posts in Snorkeling e immersione introduttiva\">Snorkeling e immersione introduttiva<\/a><\/span> \t\t<\/div><!-- .post_meta --><\/div><\/div><div class=\"sc_blogger_item_content entry-content\"><h5 class=\"sc_blogger_item_title entry-title\" data-item-number=\"7\"><a href=\"https:\/\/shamanduradiving.com\/it\/product\/snorkeling-a-whiteisland\/\" rel=\"bookmark\">Snorkeling a White Island<\/a><\/h5>\t\t<div class=\"post_meta sc_blogger_item_meta post_meta\">\n\t\t\t\t\t<\/div><!-- .post_meta -->\n\t\t<div class=\"sc_blogger_item_excerpt\">C'\u00e8 la possibilit\u00e0 di osservare mucche di mare, tartarughe e delfini in&hellip;<\/div><\/div><!-- .entry-content --><\/div><!-- .sc_blogger_item_body --><\/div><!-- .sc_blogger_item --><\/div><\/div><\/div>\t\t\t\t<\/div>\n\t\t\t\t<\/div>\n\t\t\t\t\t<\/div>\n\t\t<\/div>\n\t\t\t\t\t<\/div>\n\t\t<\/section>\n\t\t\t\t<\/div>\n\t\t","protected":false},"excerpt":{"rendered":"<p>C&#8217;\u00e8 la possibilit\u00e0 di osservare mucche di mare, tartarughe e delfini in&hellip;<\/p>\n","protected":false},"author":1,"featured_media":0,"parent":0,"menu_order":0,"comment_status":"closed","ping_status":"closed","template":"","meta":{"om_disable_all_campaigns":false,"footnotes":""},"class_list":["post-4695","page","type-page","status-publish","hentry"],"jetpack_sharing_enabled":true,"_links":{"self":[{"href":"https:\/\/shamanduradiving.com\/it\/wp-json\/wp\/v2\/pages\/4695","targetHints":{"allow":["GET"]}}],"collection":[{"href":"https:\/\/shamanduradiving.com\/it\/wp-json\/wp\/v2\/pages"}],"about":[{"href":"https:\/\/shamanduradiving.com\/it\/wp-json\/wp\/v2\/types\/page"}],"author":[{"embeddable":true,"href":"https:\/\/shamanduradiving.com\/it\/wp-json\/wp\/v2\/users\/1"}],"replies":[{"embeddable":true,"href":"https:\/\/shamanduradiving.com\/it\/wp-json\/wp\/v2\/comments?post=4695"}],"version-history":[{"count":0,"href":"https:\/\/shamanduradiving.com\/it\/wp-json\/wp\/v2\/pages\/4695\/revisions"}],"wp:attachment":[{"href":"https:\/\/shamanduradiving.com\/it\/wp-json\/wp\/v2\/media?parent=4695"}],"curies":[{"name":"wp","href":"https:\/\/api.w.org\/{rel}","templated":true}]}}