{"id":4690,"date":"2020-02-27T11:02:43","date_gmt":"2020-02-27T11:02:43","guid":{"rendered":"https:\/\/www.shamanduradiving.com\/product\/padi-bubblemaker\/"},"modified":"2022-02-23T06:55:54","modified_gmt":"2022-02-23T06:55:54","slug":"padi-bollatore","status":"publish","type":"product","link":"https:\/\/shamanduradiving.com\/it\/product\/padi-bollatore\/","title":{"rendered":"PADI BubbleMaker"},"content":{"rendered":"<p>Bubblemaker \u00e8 divertente come sembra: un&#8217;opportunit\u00e0 per i bambini per fare le bolle con le immersioni subacquee. I bambini di almeno 8 anni possono utilizzare l&#8217;attrezzatura subacquea per respirare sott&#8217;acqua e nuotare in acque poco profonde. Organizza una festa o festeggia un compleanno organizzando un evento memorabile ed emozionante di Bubblemaker con amici e familiari al tuo Shamandura. Un bambino deve avere 8 anni o pi\u00f9. I bambini devono sentirsi a proprio agio in acqua, ma non \u00e8 necessaria alcuna esperienza precedente. \u00c8 necessaria l&#8217;approvazione dei genitori.<\/p>\n","protected":false},"excerpt":{"rendered":"<p>Fai il tuoo primo respiro sott&#8217;acqua in acque meno profonde di 2 metri\/6 piedi. Per bambini di almeno 8 anni<\/p>\n","protected":false},"featured_media":5563,"template":"","meta":{"om_disable_all_campaigns":false},"product_brand":[],"product_cat":[199],"product_tag":[],"class_list":{"0":"post-4690","1":"product","2":"type-product","3":"status-publish","4":"has-post-thumbnail","6":"product_cat-corsi-padi","8":"first","9":"instock","10":"purchasable","11":"product-type-simple"},"jetpack_sharing_enabled":true,"_links":{"self":[{"href":"https:\/\/shamanduradiving.com\/it\/wp-json\/wp\/v2\/product\/4690","targetHints":{"allow":["GET"]}}],"collection":[{"href":"https:\/\/shamanduradiving.com\/it\/wp-json\/wp\/v2\/product"}],"about":[{"href":"https:\/\/shamanduradiving.com\/it\/wp-json\/wp\/v2\/types\/product"}],"version-history":[{"count":0,"href":"https:\/\/shamanduradiving.com\/it\/wp-json\/wp\/v2\/product\/4690\/revisions"}],"wp:featuredmedia":[{"embeddable":true,"href":"https:\/\/shamanduradiving.com\/it\/wp-json\/wp\/v2\/media\/5563"}],"wp:attachment":[{"href":"https:\/\/shamanduradiving.com\/it\/wp-json\/wp\/v2\/media?parent=4690"}],"wp:term":[{"taxonomy":"product_brand","embeddable":true,"href":"https:\/\/shamanduradiving.com\/it\/wp-json\/wp\/v2\/product_brand?post=4690"},{"taxonomy":"product_cat","embeddable":true,"href":"https:\/\/shamanduradiving.com\/it\/wp-json\/wp\/v2\/product_cat?post=4690"},{"taxonomy":"product_tag","embeddable":true,"href":"https:\/\/shamanduradiving.com\/it\/wp-json\/wp\/v2\/product_tag?post=4690"}],"curies":[{"name":"wp","href":"https:\/\/api.w.org\/{rel}","templated":true}]}}