{"id":4740,"date":"2021-04-24T14:03:54","date_gmt":"2021-04-24T14:03:54","guid":{"rendered":"https:\/\/www.shamanduradiving.com\/product\/advanced-open-water-diver\/"},"modified":"2022-03-02T06:28:47","modified_gmt":"2022-03-02T06:28:47","slug":"advanced-open-water-diver-2","status":"publish","type":"product","link":"https:\/\/shamanduradiving.com\/it\/product\/advanced-open-water-diver-2\/","title":{"rendered":"Advanced Open Water Diver"},"content":{"rendered":"<p>Il PADI Advanced Open Water Diver \u00e8 progettato per migliorare le tue conoscenze e abilit\u00e0 subacquee. Puoi iscriverti subito dopo aver conseguito la certificazione PADI Open Water Diver, indipendentemente dal tuo livello di abilit\u00e0. Il corso ti aiuta ad acquisire sicurezza nella navigazione, a perfezionare le capacit\u00e0 di galleggiamento e ti introduce a diverse attivit\u00e0 subacquee come immersioni su relitti, immersioni notturne o immagini subacquee. Dopo aver completato il tuo eLearning, farai cinque Immersioni Avventura: un&#8217;immersione profonda (oltre 18 m\/60 F), un&#8217;immersione di navigazione e tre immersioni Avventura aggiuntive a tua scelta per ottenere la tua certificazione. *Questa quota del corso copre solo la tua formazione online, le valutazioni e la certificazione. Le tasse di addestramento pratico, le immersioni, l&#8217;attrezzatura subacquea, la lista degli studenti e il registro sono disponibili a un costo aggiuntivo tramite il tuo PADI Dive Center.<\/p>\n","protected":false},"excerpt":{"rendered":"<p>Questo corso pu\u00f2 essere frequentato dopo aver completato la certificazione PADI Open Water Diver. Si chiama PADI Advanced Open Water Diver perch\u00e9 migliora le tue conoscenze e abilit\u00e0 subacquee.<\/p>\n","protected":false},"featured_media":5508,"template":"","meta":{"om_disable_all_campaigns":false},"product_brand":[],"product_cat":[199],"product_tag":[],"class_list":{"0":"post-4740","1":"product","2":"type-product","3":"status-publish","4":"has-post-thumbnail","6":"product_cat-corsi-padi","8":"first","9":"instock","10":"purchasable","11":"product-type-simple"},"jetpack_sharing_enabled":true,"_links":{"self":[{"href":"https:\/\/shamanduradiving.com\/it\/wp-json\/wp\/v2\/product\/4740","targetHints":{"allow":["GET"]}}],"collection":[{"href":"https:\/\/shamanduradiving.com\/it\/wp-json\/wp\/v2\/product"}],"about":[{"href":"https:\/\/shamanduradiving.com\/it\/wp-json\/wp\/v2\/types\/product"}],"version-history":[{"count":0,"href":"https:\/\/shamanduradiving.com\/it\/wp-json\/wp\/v2\/product\/4740\/revisions"}],"wp:featuredmedia":[{"embeddable":true,"href":"https:\/\/shamanduradiving.com\/it\/wp-json\/wp\/v2\/media\/5508"}],"wp:attachment":[{"href":"https:\/\/shamanduradiving.com\/it\/wp-json\/wp\/v2\/media?parent=4740"}],"wp:term":[{"taxonomy":"product_brand","embeddable":true,"href":"https:\/\/shamanduradiving.com\/it\/wp-json\/wp\/v2\/product_brand?post=4740"},{"taxonomy":"product_cat","embeddable":true,"href":"https:\/\/shamanduradiving.com\/it\/wp-json\/wp\/v2\/product_cat?post=4740"},{"taxonomy":"product_tag","embeddable":true,"href":"https:\/\/shamanduradiving.com\/it\/wp-json\/wp\/v2\/product_tag?post=4740"}],"curies":[{"name":"wp","href":"https:\/\/api.w.org\/{rel}","templated":true}]}}