{"id":5044,"date":"2022-10-09T11:07:31","date_gmt":"2022-10-09T11:07:31","guid":{"rendered":"https:\/\/www.shamanduradiving.com\/product\/snorkeling-in-ras-mohamed\/"},"modified":"2023-03-13T23:18:44","modified_gmt":"2023-03-13T23:18:44","slug":"snorkeling-in-ras-mohamed","status":"publish","type":"product","link":"https:\/\/shamanduradiving.com\/it\/product\/snorkeling-in-ras-mohamed\/","title":{"rendered":"Snorkeling a Ras Mohamed"},"content":{"rendered":"<p>C&#8217;\u00e8 la possibilit\u00e0 di vedere mucche di mare, tartarughe e delfini in uno dei punti di immersione e snorkeling pi\u00f9 emozionanti con una lunga spiaggia sabbiosa e barriere coralline. Lo snorkeling \u00e8 una possibilit\u00e0 dalla spiaggia. Dai un&#8217;occhiata a questa pratica guida per trovare il tuo stile di barriera corallina: dall&#8217;indossare maschera e boccaglio o fare la tua prima immersione, alle esperienze subacquee uniche riservate ai subacquei certificati.<\/p>\n","protected":false},"excerpt":{"rendered":"<p>* Pranzo, bevande e attrezzatura per lo snorkeling inclusi.<br \/>\n* Bambini da 5 a 9 anni con il 50% di sconto.<\/p>\n","protected":false},"featured_media":4311,"template":"","meta":{"om_disable_all_campaigns":false},"product_brand":[],"product_cat":[196],"product_tag":[],"class_list":{"0":"post-5044","1":"product","2":"type-product","3":"status-publish","4":"has-post-thumbnail","6":"product_cat-snorkeling-e-immersione-introduttiva","8":"first","9":"instock","10":"virtual","11":"purchasable","12":"product-type-simple"},"jetpack_sharing_enabled":true,"_links":{"self":[{"href":"https:\/\/shamanduradiving.com\/it\/wp-json\/wp\/v2\/product\/5044","targetHints":{"allow":["GET"]}}],"collection":[{"href":"https:\/\/shamanduradiving.com\/it\/wp-json\/wp\/v2\/product"}],"about":[{"href":"https:\/\/shamanduradiving.com\/it\/wp-json\/wp\/v2\/types\/product"}],"version-history":[{"count":0,"href":"https:\/\/shamanduradiving.com\/it\/wp-json\/wp\/v2\/product\/5044\/revisions"}],"wp:featuredmedia":[{"embeddable":true,"href":"https:\/\/shamanduradiving.com\/it\/wp-json\/wp\/v2\/media\/4311"}],"wp:attachment":[{"href":"https:\/\/shamanduradiving.com\/it\/wp-json\/wp\/v2\/media?parent=5044"}],"wp:term":[{"taxonomy":"product_brand","embeddable":true,"href":"https:\/\/shamanduradiving.com\/it\/wp-json\/wp\/v2\/product_brand?post=5044"},{"taxonomy":"product_cat","embeddable":true,"href":"https:\/\/shamanduradiving.com\/it\/wp-json\/wp\/v2\/product_cat?post=5044"},{"taxonomy":"product_tag","embeddable":true,"href":"https:\/\/shamanduradiving.com\/it\/wp-json\/wp\/v2\/product_tag?post=5044"}],"curies":[{"name":"wp","href":"https:\/\/api.w.org\/{rel}","templated":true}]}}