{"id":5045,"date":"2022-10-09T11:12:53","date_gmt":"2022-10-09T11:12:53","guid":{"rendered":"https:\/\/www.shamanduradiving.com\/product\/snorkeling-nellisola-di-tiran\/"},"modified":"2023-03-13T23:19:51","modified_gmt":"2023-03-13T23:19:51","slug":"snorkeling-nellisola-di-tiran","status":"publish","type":"product","link":"https:\/\/shamanduradiving.com\/it\/product\/snorkeling-nellisola-di-tiran\/","title":{"rendered":"Snorkeling nell&#8217;isola di Tiran"},"content":{"rendered":"<p>C&#8217;\u00e8 la possibilit\u00e0 di osservare mucche di mare, tartarughe e delfini in uno dei luoghi pi\u00f9 emozionanti per le immersioni e lo snorkeling, con una lunga spiaggia sabbiosa e barriere coralline. Dalla spiaggia \u00e8 possibile praticare lo snorkeling. Consultate questa pratica guida per trovare il vostro stile di barriera corallina: dall&#8217;indossare maschera e boccaglio o fare la vostra prima immersione, alle esperienze di immersione uniche riservate ai subacquei certificati.<\/p>\n","protected":false},"excerpt":{"rendered":"<p>* Pranzo, bevande e attrezzatura per lo snorkeling inclusi.<br \/>\n* Bambini da 5 a 9 anni con sconto del 50%.<\/p>\n","protected":false},"featured_media":4335,"template":"","meta":{"om_disable_all_campaigns":false},"product_brand":[],"product_cat":[196],"product_tag":[],"class_list":{"0":"post-5045","1":"product","2":"type-product","3":"status-publish","4":"has-post-thumbnail","6":"product_cat-snorkeling-e-immersione-introduttiva","8":"first","9":"instock","10":"virtual","11":"purchasable","12":"product-type-simple"},"jetpack_sharing_enabled":true,"_links":{"self":[{"href":"https:\/\/shamanduradiving.com\/it\/wp-json\/wp\/v2\/product\/5045","targetHints":{"allow":["GET"]}}],"collection":[{"href":"https:\/\/shamanduradiving.com\/it\/wp-json\/wp\/v2\/product"}],"about":[{"href":"https:\/\/shamanduradiving.com\/it\/wp-json\/wp\/v2\/types\/product"}],"version-history":[{"count":0,"href":"https:\/\/shamanduradiving.com\/it\/wp-json\/wp\/v2\/product\/5045\/revisions"}],"wp:featuredmedia":[{"embeddable":true,"href":"https:\/\/shamanduradiving.com\/it\/wp-json\/wp\/v2\/media\/4335"}],"wp:attachment":[{"href":"https:\/\/shamanduradiving.com\/it\/wp-json\/wp\/v2\/media?parent=5045"}],"wp:term":[{"taxonomy":"product_brand","embeddable":true,"href":"https:\/\/shamanduradiving.com\/it\/wp-json\/wp\/v2\/product_brand?post=5045"},{"taxonomy":"product_cat","embeddable":true,"href":"https:\/\/shamanduradiving.com\/it\/wp-json\/wp\/v2\/product_cat?post=5045"},{"taxonomy":"product_tag","embeddable":true,"href":"https:\/\/shamanduradiving.com\/it\/wp-json\/wp\/v2\/product_tag?post=5045"}],"curies":[{"name":"wp","href":"https:\/\/api.w.org\/{rel}","templated":true}]}}