{"id":5059,"date":"2021-04-29T14:23:57","date_gmt":"2021-04-29T14:23:57","guid":{"rendered":"https:\/\/www.shamanduradiving.com\/product\/tecnologia-50\/"},"modified":"2023-11-27T01:47:29","modified_gmt":"2023-11-27T01:47:29","slug":"tec-50","status":"publish","type":"product","link":"https:\/\/shamanduradiving.com\/it\/product\/tec-50\/","title":{"rendered":"Tecnologia 50"},"content":{"rendered":"<p>La terza parte del programma completo PADI Tec Deep Diver \u00e8 Tec 50. Come subacqueo Tec 50, dimostri di aver sviluppato competenze come subacqueo tecnico e di avere le capacit\u00e0 per immergerti fino a un massimo di 50 metri\/165 piedi. Sai come effettuare soste di decompressione prolungate e accelerate utilizzando fino a due gas. Non \u00e8 facile raggiungere questo livello e ottenere la certificazione Tec 50 apre le porte a spedizioni subacquee pi\u00f9 profonde.<\/p>\n<p>L&#8217;immersione tecnica \u00e8 una forma di immersione subacquea che supera l&#8217;ambito dell&#8217;immersione ricreativa (in termini di profondit\u00e0, tempo di fondo e tipo di immersione) e offre ai subacquei una nuova sfida. I subacquei tecnici richiedono una formazione avanzata, una vasta esperienza, attrezzature specializzate e spesso respirano gas diversi dall&#8217;aria e dal nitrox. L&#8217;immersione tecnica \u00e8 diventata sempre pi\u00f9 popolare, soprattutto negli ultimi anni, consentendo ai subacquei di andare un po&#8217; pi\u00f9 in profondit\u00e0, per un po&#8217; pi\u00f9 a lungo. In qualit\u00e0 di centro immersioni leader, miriamo a fornire tutta la formazione e il kit necessari per coloro che sono interessati. Che tu sia un subacqueo tecnico esperto alla ricerca di alcune meravigliose immersioni tecniche nel Mar Rosso o un principiante completo desideroso di imparare di cosa si tratta, sei nel posto giusto!<\/p>\n<p>&nbsp;<\/p>\n","protected":false},"excerpt":{"rendered":"<p>Parte 3 del programma completo PADI Tec Deep Diver. Sviluppa competenze e acquisisci le abilit\u00e0 per immergerti fino a un massimo di 50 metri\/165 piedi. Scopri come estendere e accelerare le soste di decompressione utilizzando fino a 2 gas.<\/p>\n","protected":false},"featured_media":4275,"template":"","meta":{"om_disable_all_campaigns":false},"product_brand":[],"product_cat":[368],"product_tag":[],"class_list":{"0":"post-5059","1":"product","2":"type-product","3":"status-publish","4":"has-post-thumbnail","6":"product_cat-corsi-padi-tecnica","8":"first","9":"instock","10":"purchasable","11":"product-type-simple"},"jetpack_sharing_enabled":true,"_links":{"self":[{"href":"https:\/\/shamanduradiving.com\/it\/wp-json\/wp\/v2\/product\/5059","targetHints":{"allow":["GET"]}}],"collection":[{"href":"https:\/\/shamanduradiving.com\/it\/wp-json\/wp\/v2\/product"}],"about":[{"href":"https:\/\/shamanduradiving.com\/it\/wp-json\/wp\/v2\/types\/product"}],"version-history":[{"count":0,"href":"https:\/\/shamanduradiving.com\/it\/wp-json\/wp\/v2\/product\/5059\/revisions"}],"wp:featuredmedia":[{"embeddable":true,"href":"https:\/\/shamanduradiving.com\/it\/wp-json\/wp\/v2\/media\/4275"}],"wp:attachment":[{"href":"https:\/\/shamanduradiving.com\/it\/wp-json\/wp\/v2\/media?parent=5059"}],"wp:term":[{"taxonomy":"product_brand","embeddable":true,"href":"https:\/\/shamanduradiving.com\/it\/wp-json\/wp\/v2\/product_brand?post=5059"},{"taxonomy":"product_cat","embeddable":true,"href":"https:\/\/shamanduradiving.com\/it\/wp-json\/wp\/v2\/product_cat?post=5059"},{"taxonomy":"product_tag","embeddable":true,"href":"https:\/\/shamanduradiving.com\/it\/wp-json\/wp\/v2\/product_tag?post=5059"}],"curies":[{"name":"wp","href":"https:\/\/api.w.org\/{rel}","templated":true}]}}