{"id":5060,"date":"2021-04-29T14:22:59","date_gmt":"2021-04-29T14:22:59","guid":{"rendered":"https:\/\/www.shamanduradiving.com\/product\/tecnologia-45\/"},"modified":"2023-11-27T01:47:30","modified_gmt":"2023-11-27T01:47:30","slug":"tec-45","status":"publish","type":"product","link":"https:\/\/shamanduradiving.com\/it\/product\/tec-45\/","title":{"rendered":"Tecnologia 45"},"content":{"rendered":"<p>Il corso PADI Tec 45 \u00e8 la seconda parte del programma completo PADI Tec Deep Diver. Estenderai il tuo limite di profondit\u00e0 a 45 metri\/145 piedi e imparerai a pianificare ed eseguire immersioni con decompressione ripetitive utilizzando un cilindro di decompressione\/stadio singolo. Ti mette in un completo rig subacqueo tecnico, che pu\u00f2 essere backmount o sidemount. Farai anche immersioni con decompressione accelerata usando EANx o ossigeno puro. Questo \u00e8 un corso in cui affronterai la sfida e ti impegnerai a diventare un subacqueo tecnico.<\/p>\n<p>L&#8217;immersione tecnica \u00e8 una forma di immersione subacquea che supera l&#8217;ambito dell&#8217;immersione ricreativa (in termini di profondit\u00e0, tempo di fondo e tipo di immersione) e offre ai subacquei una nuova sfida. I subacquei tecnici richiedono una formazione avanzata, una vasta esperienza, attrezzature specializzate e spesso respirano gas diversi dall&#8217;aria e dal nitrox. L&#8217;immersione tecnica \u00e8 diventata sempre pi\u00f9 popolare, soprattutto negli ultimi anni, consentendo ai subacquei di andare un po&#8217; pi\u00f9 in profondit\u00e0, per un po&#8217; pi\u00f9 a lungo. In qualit\u00e0 di centro immersioni leader, miriamo a fornire tutta la formazione e il kit necessari per coloro che sono interessati. Che tu sia un subacqueo tecnico esperto alla ricerca di alcune meravigliose immersioni tecniche nel Mar Rosso o un principiante completo desideroso di imparare di cosa si tratta, sei nel posto giusto!<\/p>\n","protected":false},"excerpt":{"rendered":"<p>Parte 2 del programma PADI Tec Deep Diver. Estendi il limite di profondit\u00e0 a 45 metri\/145 piedi. Impara a pianificare ed eseguire immersioni con decompressione ripetitive utilizzando un cilindro di decompressione\/stadio singolo.<\/p>\n","protected":false},"featured_media":4271,"template":"","meta":{"om_disable_all_campaigns":false},"product_brand":[],"product_cat":[368],"product_tag":[],"class_list":{"0":"post-5060","1":"product","2":"type-product","3":"status-publish","4":"has-post-thumbnail","6":"product_cat-corsi-padi-tecnica","8":"first","9":"instock","10":"purchasable","11":"product-type-simple"},"jetpack_sharing_enabled":true,"_links":{"self":[{"href":"https:\/\/shamanduradiving.com\/it\/wp-json\/wp\/v2\/product\/5060","targetHints":{"allow":["GET"]}}],"collection":[{"href":"https:\/\/shamanduradiving.com\/it\/wp-json\/wp\/v2\/product"}],"about":[{"href":"https:\/\/shamanduradiving.com\/it\/wp-json\/wp\/v2\/types\/product"}],"version-history":[{"count":0,"href":"https:\/\/shamanduradiving.com\/it\/wp-json\/wp\/v2\/product\/5060\/revisions"}],"wp:featuredmedia":[{"embeddable":true,"href":"https:\/\/shamanduradiving.com\/it\/wp-json\/wp\/v2\/media\/4271"}],"wp:attachment":[{"href":"https:\/\/shamanduradiving.com\/it\/wp-json\/wp\/v2\/media?parent=5060"}],"wp:term":[{"taxonomy":"product_brand","embeddable":true,"href":"https:\/\/shamanduradiving.com\/it\/wp-json\/wp\/v2\/product_brand?post=5060"},{"taxonomy":"product_cat","embeddable":true,"href":"https:\/\/shamanduradiving.com\/it\/wp-json\/wp\/v2\/product_cat?post=5060"},{"taxonomy":"product_tag","embeddable":true,"href":"https:\/\/shamanduradiving.com\/it\/wp-json\/wp\/v2\/product_tag?post=5060"}],"curies":[{"name":"wp","href":"https:\/\/api.w.org\/{rel}","templated":true}]}}