{"id":5061,"date":"2021-04-29T14:18:35","date_gmt":"2021-04-29T14:18:35","guid":{"rendered":"https:\/\/www.shamanduradiving.com\/product\/tecnologia-40\/"},"modified":"2023-11-27T01:47:30","modified_gmt":"2023-11-27T01:47:30","slug":"tec-40","status":"publish","type":"product","link":"https:\/\/shamanduradiving.com\/it\/product\/tec-40\/","title":{"rendered":"Tecnologia 40"},"content":{"rendered":"<p>Il corso PADI Tec 40 \u00e8 il punto in cui si passa dalle immersioni ricreative alle immersioni tecniche. \u00c8 un ottimo punto di partenza perch\u00e9 \u00e8 la prima suddivisione del corso completo PADI Tec Diver e colma il divario tra le immersioni no stop e le immersioni tecniche con decompressione profonda. Acquisirai esperienza e inizi a costruire le conoscenze e le abilit\u00e0 necessarie per continuare il tuo addestramento da subacqueo tecnico. Ti qualificherai per effettuare immersioni con decompressione limitata a 40 metri\/130 piedi.<\/p>\n<p>L&#8217;immersione tecnica \u00e8 una forma di immersione subacquea che supera l&#8217;ambito dell&#8217;immersione ricreativa (in termini di profondit\u00e0, tempo di fondo e tipo di immersione) e offre ai subacquei una nuova sfida. I subacquei tecnici richiedono una formazione avanzata, una vasta esperienza, attrezzature specializzate e spesso respirano gas diversi dall&#8217;aria e dal nitrox. L&#8217;immersione tecnica \u00e8 diventata sempre pi\u00f9 popolare, soprattutto negli ultimi anni, consentendo ai subacquei di andare un po&#8217; pi\u00f9 in profondit\u00e0, per un po&#8217; pi\u00f9 a lungo. In qualit\u00e0 di centro immersioni leader, miriamo a fornire tutta la formazione e il kit necessari per coloro che sono interessati. Che tu sia un subacqueo tecnico esperto alla ricerca di alcune meravigliose immersioni tecniche nel Mar Rosso o un principiante completo desideroso di imparare di cosa si tratta, sei nel posto giusto!<\/p>\n","protected":false},"excerpt":{"rendered":"<p>Consiste di tre sezioni di sviluppo delle conoscenze, tre sessioni di applicazione pratica e quattro immersioni di addestramento. Progettato per il subacqueo che passa dall&#8217;immersione ricreativa all&#8217;immersione tecnica.<\/p>\n","protected":false},"featured_media":4267,"template":"","meta":{"om_disable_all_campaigns":false},"product_brand":[],"product_cat":[368],"product_tag":[],"class_list":{"0":"post-5061","1":"product","2":"type-product","3":"status-publish","4":"has-post-thumbnail","6":"product_cat-corsi-padi-tecnica","8":"first","9":"instock","10":"purchasable","11":"product-type-simple"},"jetpack_sharing_enabled":true,"_links":{"self":[{"href":"https:\/\/shamanduradiving.com\/it\/wp-json\/wp\/v2\/product\/5061","targetHints":{"allow":["GET"]}}],"collection":[{"href":"https:\/\/shamanduradiving.com\/it\/wp-json\/wp\/v2\/product"}],"about":[{"href":"https:\/\/shamanduradiving.com\/it\/wp-json\/wp\/v2\/types\/product"}],"version-history":[{"count":0,"href":"https:\/\/shamanduradiving.com\/it\/wp-json\/wp\/v2\/product\/5061\/revisions"}],"wp:featuredmedia":[{"embeddable":true,"href":"https:\/\/shamanduradiving.com\/it\/wp-json\/wp\/v2\/media\/4267"}],"wp:attachment":[{"href":"https:\/\/shamanduradiving.com\/it\/wp-json\/wp\/v2\/media?parent=5061"}],"wp:term":[{"taxonomy":"product_brand","embeddable":true,"href":"https:\/\/shamanduradiving.com\/it\/wp-json\/wp\/v2\/product_brand?post=5061"},{"taxonomy":"product_cat","embeddable":true,"href":"https:\/\/shamanduradiving.com\/it\/wp-json\/wp\/v2\/product_cat?post=5061"},{"taxonomy":"product_tag","embeddable":true,"href":"https:\/\/shamanduradiving.com\/it\/wp-json\/wp\/v2\/product_tag?post=5061"}],"curies":[{"name":"wp","href":"https:\/\/api.w.org\/{rel}","templated":true}]}}