{"id":5062,"date":"2021-04-29T14:15:06","date_gmt":"2021-04-29T14:15:06","guid":{"rendered":"https:\/\/www.shamanduradiving.com\/product\/scopri-limmersione-tecnica\/"},"modified":"2023-11-27T01:47:31","modified_gmt":"2023-11-27T01:47:31","slug":"scopri-tecnico-diving","status":"publish","type":"product","link":"https:\/\/shamanduradiving.com\/it\/product\/scopri-tecnico-diving\/","title":{"rendered":"Scopri l&#8217;immersione tecnica"},"content":{"rendered":"<p>Curioso di immersioni tecniche (tecniche), ma non sei sicuro di saltare in un corso? Discover Tec \u00e8 una breve esperienza in acque confinate che ti consente di provare le immersioni tecniche. Puoi indossare tutta l&#8217;attrezzatura subacquea extra tec e portarla per un&#8217;immersione di prova. Il tuo istruttore PADI Tec pu\u00f2 introdurre alcune abilit\u00e0 di base, come il passaggio del regolatore da primario a secondario e le procedure di spegnimento del gas.<\/p>\n<p>Se sei interessato alle immersioni tecniche e sei un PADI Open Water Diver, hai almeno 18 anni e hai un minimo di 10 immersioni registrate, ti qualifichi per Discover Tec.<\/p>\n<p>L&#8217;immersione tecnica \u00e8 una forma di immersione subacquea che supera l&#8217;ambito dell&#8217;immersione ricreativa (in termini di profondit\u00e0, tempo di fondo e tipo di immersione) e offre ai subacquei una nuova sfida. I subacquei tecnici richiedono una formazione avanzata, una vasta esperienza, attrezzature specializzate e spesso respirano gas diversi dall&#8217;aria e dal nitrox. L&#8217;immersione tecnica \u00e8 diventata sempre pi\u00f9 popolare, soprattutto negli ultimi anni, consentendo ai subacquei di andare un po&#8217; pi\u00f9 in profondit\u00e0, per un po&#8217; pi\u00f9 a lungo. In qualit\u00e0 di centro immersioni leader, miriamo a fornire tutta la formazione e il kit necessari per coloro che sono interessati. Che tu sia un subacqueo tecnico esperto alla ricerca di alcune meravigliose immersioni tecniche nel Mar Rosso o un principiante completo desideroso di imparare di cosa si tratta, sei nel posto giusto!<\/p>\n","protected":false},"excerpt":{"rendered":"<p>Questo corso breve \u00e8 progettato per consentire ai subacquei di sperimentare l&#8217;immersione tecnica in acque confinate. Fatti conoscere alcune abilit\u00e0 e procedure di base. Discover Tec pu\u00f2 accreditare per il corso Tec 40.<\/p>\n","protected":false},"featured_media":4259,"template":"","meta":{"om_disable_all_campaigns":false},"product_brand":[],"product_cat":[368],"product_tag":[],"class_list":{"0":"post-5062","1":"product","2":"type-product","3":"status-publish","4":"has-post-thumbnail","6":"product_cat-corsi-padi-tecnica","8":"first","9":"instock","10":"purchasable","11":"product-type-simple"},"jetpack_sharing_enabled":true,"_links":{"self":[{"href":"https:\/\/shamanduradiving.com\/it\/wp-json\/wp\/v2\/product\/5062","targetHints":{"allow":["GET"]}}],"collection":[{"href":"https:\/\/shamanduradiving.com\/it\/wp-json\/wp\/v2\/product"}],"about":[{"href":"https:\/\/shamanduradiving.com\/it\/wp-json\/wp\/v2\/types\/product"}],"version-history":[{"count":0,"href":"https:\/\/shamanduradiving.com\/it\/wp-json\/wp\/v2\/product\/5062\/revisions"}],"wp:featuredmedia":[{"embeddable":true,"href":"https:\/\/shamanduradiving.com\/it\/wp-json\/wp\/v2\/media\/4259"}],"wp:attachment":[{"href":"https:\/\/shamanduradiving.com\/it\/wp-json\/wp\/v2\/media?parent=5062"}],"wp:term":[{"taxonomy":"product_brand","embeddable":true,"href":"https:\/\/shamanduradiving.com\/it\/wp-json\/wp\/v2\/product_brand?post=5062"},{"taxonomy":"product_cat","embeddable":true,"href":"https:\/\/shamanduradiving.com\/it\/wp-json\/wp\/v2\/product_cat?post=5062"},{"taxonomy":"product_tag","embeddable":true,"href":"https:\/\/shamanduradiving.com\/it\/wp-json\/wp\/v2\/product_tag?post=5062"}],"curies":[{"name":"wp","href":"https:\/\/api.w.org\/{rel}","templated":true}]}}