{"id":5063,"date":"2021-04-24T14:32:18","date_gmt":"2021-04-24T14:32:18","guid":{"rendered":"https:\/\/www.shamanduradiving.com\/product\/riattiva-scuba-refresher\/"},"modified":"2023-03-13T23:28:32","modified_gmt":"2023-03-13T23:28:32","slug":"reactivate-scuba-resher","status":"publish","type":"product","link":"https:\/\/shamanduradiving.com\/it\/product\/reactivate-scuba-resher\/","title":{"rendered":"Riattiva Scuba Refresher"},"content":{"rendered":"<p>Non ti immergi di recente e vuoi un rapido aggiornamento subacqueo? Il programma PADI ReActivate\u2122 \u00e8 il modo perfetto per aggiornare le tue conoscenze subacquee e rivedere le abilit\u00e0 subacquee di base. Sia che tu abbia bisogno solo di alcuni promemoria o desideri una revisione pi\u00f9 completa, questo programma fornisce un aggiornamento prescrittivo e coinvolgente dei principi e delle procedure subacquee.<\/p>\n<p>Il programma ha due componenti: 1) una revisione della conoscenza che include l&#8217;interazione con ReActivate eLearning e 2) un ripasso delle abilit\u00e0 subacquee completato con un professionista PADI. Dopo aver completato con successo entrambi i componenti, un subacqueo PADI riceve una carta di certificazione sostitutiva che mostra una data &#8220;ReActivated Thru&#8221;. I subacquei inizialmente certificati tramite altre organizzazioni di addestramento (con prova di almeno una certificazione di livello base) ricevono ReActivate Recognition Cards.<\/p>\n","protected":false},"excerpt":{"rendered":"<p>Aggiorna le tue abilit\u00e0 e conoscenze subacquee con un rapido aggiornamento subacqueo dal corso PADI Open Water Diver prima di tuffarti di nuovo in acqua.<\/p>\n","protected":false},"featured_media":4251,"template":"","meta":{"om_disable_all_campaigns":false},"product_brand":[],"product_cat":[199],"product_tag":[],"class_list":{"0":"post-5063","1":"product","2":"type-product","3":"status-publish","4":"has-post-thumbnail","6":"product_cat-corsi-padi","8":"first","9":"instock","10":"purchasable","11":"product-type-simple"},"jetpack_sharing_enabled":true,"_links":{"self":[{"href":"https:\/\/shamanduradiving.com\/it\/wp-json\/wp\/v2\/product\/5063","targetHints":{"allow":["GET"]}}],"collection":[{"href":"https:\/\/shamanduradiving.com\/it\/wp-json\/wp\/v2\/product"}],"about":[{"href":"https:\/\/shamanduradiving.com\/it\/wp-json\/wp\/v2\/types\/product"}],"version-history":[{"count":0,"href":"https:\/\/shamanduradiving.com\/it\/wp-json\/wp\/v2\/product\/5063\/revisions"}],"wp:featuredmedia":[{"embeddable":true,"href":"https:\/\/shamanduradiving.com\/it\/wp-json\/wp\/v2\/media\/4251"}],"wp:attachment":[{"href":"https:\/\/shamanduradiving.com\/it\/wp-json\/wp\/v2\/media?parent=5063"}],"wp:term":[{"taxonomy":"product_brand","embeddable":true,"href":"https:\/\/shamanduradiving.com\/it\/wp-json\/wp\/v2\/product_brand?post=5063"},{"taxonomy":"product_cat","embeddable":true,"href":"https:\/\/shamanduradiving.com\/it\/wp-json\/wp\/v2\/product_cat?post=5063"},{"taxonomy":"product_tag","embeddable":true,"href":"https:\/\/shamanduradiving.com\/it\/wp-json\/wp\/v2\/product_tag?post=5063"}],"curies":[{"name":"wp","href":"https:\/\/api.w.org\/{rel}","templated":true}]}}