{"id":5064,"date":"2021-04-24T14:31:00","date_gmt":"2021-04-24T14:31:00","guid":{"rendered":"https:\/\/www.shamanduradiving.com\/product\/aggiornamento-da-padi-sd-a-owd\/"},"modified":"2023-03-13T23:28:51","modified_gmt":"2023-03-13T23:28:51","slug":"aggiornamento-padi-sd-to-owd","status":"publish","type":"product","link":"https:\/\/shamanduradiving.com\/it\/product\/aggiornamento-padi-sd-to-owd\/","title":{"rendered":"Aggiornamento da PADI SD a OWD"},"content":{"rendered":"<p>Non ricominciare da capo l&#8217;intero corso.<\/p>\n<p>Che cos&#8217;\u00e8 l&#8217;aggiornamento PADI da SD a OWD?<\/p>\n<p>Passare da PADI Scuba Diver a PADI Open Water Diver \u00e8 facile e ti aprir\u00e0 molto di pi\u00f9 del mondo sottomarino.<br \/>\nCompleta semplicemente quanto segue con il nostro team di istruttori professionisti nello Shamandura Diving Resort a Sharm El-Sheikh e la tua nuova qualifica come PADI Open Water Diver \u00e8 valida per tutta la vita.<\/p>\n","protected":false},"excerpt":{"rendered":"<p>Sei gi\u00e0 un PADI Scuba Diver? Vuoi estendere la tua qualifica per ottenere la licenza PADI Open Water Diver completa?<\/p>\n","protected":false},"featured_media":4247,"template":"","meta":{"om_disable_all_campaigns":false},"product_brand":[],"product_cat":[199],"product_tag":[],"class_list":{"0":"post-5064","1":"product","2":"type-product","3":"status-publish","4":"has-post-thumbnail","6":"product_cat-corsi-padi","8":"first","9":"instock","10":"purchasable","11":"product-type-simple"},"jetpack_sharing_enabled":true,"_links":{"self":[{"href":"https:\/\/shamanduradiving.com\/it\/wp-json\/wp\/v2\/product\/5064","targetHints":{"allow":["GET"]}}],"collection":[{"href":"https:\/\/shamanduradiving.com\/it\/wp-json\/wp\/v2\/product"}],"about":[{"href":"https:\/\/shamanduradiving.com\/it\/wp-json\/wp\/v2\/types\/product"}],"version-history":[{"count":0,"href":"https:\/\/shamanduradiving.com\/it\/wp-json\/wp\/v2\/product\/5064\/revisions"}],"wp:featuredmedia":[{"embeddable":true,"href":"https:\/\/shamanduradiving.com\/it\/wp-json\/wp\/v2\/media\/4247"}],"wp:attachment":[{"href":"https:\/\/shamanduradiving.com\/it\/wp-json\/wp\/v2\/media?parent=5064"}],"wp:term":[{"taxonomy":"product_brand","embeddable":true,"href":"https:\/\/shamanduradiving.com\/it\/wp-json\/wp\/v2\/product_brand?post=5064"},{"taxonomy":"product_cat","embeddable":true,"href":"https:\/\/shamanduradiving.com\/it\/wp-json\/wp\/v2\/product_cat?post=5064"},{"taxonomy":"product_tag","embeddable":true,"href":"https:\/\/shamanduradiving.com\/it\/wp-json\/wp\/v2\/product_tag?post=5064"}],"curies":[{"name":"wp","href":"https:\/\/api.w.org\/{rel}","templated":true}]}}