{"id":5066,"date":"2021-04-24T14:26:46","date_gmt":"2021-04-24T14:26:46","guid":{"rendered":"https:\/\/www.shamanduradiving.com\/product\/soccorso-subacqueo\/"},"modified":"2023-03-13T23:29:18","modified_gmt":"2023-03-13T23:29:18","slug":"sommozzatore","status":"publish","type":"product","link":"https:\/\/shamanduradiving.com\/it\/product\/sommozzatore\/","title":{"rendered":"Soccorso subacqueo"},"content":{"rendered":"<p>Il corso PADI Rescue Diver ti insegna le tecniche per evitare e gestire i problemi e migliorare la tua sicurezza come subacqueo. Durante il corso diventerai un compagno migliore migliorando la tua capacit\u00e0 di identificare potenziali problemi e praticando il protocollo di emergenza per le immersioni. L&#8217;argomento \u00e8 serio ma l&#8217;addestramento \u00e8 divertente: molti subacquei ci dicono che il corso PADI Rescue Diver era il loro preferito!<\/p>\n","protected":false},"excerpt":{"rendered":"<p>Con il corso di salvataggio migliorerai le tue capacit\u00e0 e conoscenze di salvataggio e acquisirai fiducia in te stesso imparando 10 abilit\u00e0 diverse, 2 scenari diversi e avendo 5 lezioni teoriche. Questo corso \u00e8 davvero pieno di divertimento e sfida! Questo corso contiene 4 immersioni.<\/p>\n<p>Impara a prevenire e gestire i problemi in acqua e diventa pi\u00f9 sicuro delle tue capacit\u00e0 di subacqueo. \u00c8 impegnativo, ma molto gratificante.<\/p>\n","protected":false},"featured_media":4239,"template":"","meta":{"om_disable_all_campaigns":false},"product_brand":[],"product_cat":[199],"product_tag":[],"class_list":{"0":"post-5066","1":"product","2":"type-product","3":"status-publish","4":"has-post-thumbnail","6":"product_cat-corsi-padi","8":"first","9":"instock","10":"purchasable","11":"product-type-simple"},"jetpack_sharing_enabled":true,"_links":{"self":[{"href":"https:\/\/shamanduradiving.com\/it\/wp-json\/wp\/v2\/product\/5066","targetHints":{"allow":["GET"]}}],"collection":[{"href":"https:\/\/shamanduradiving.com\/it\/wp-json\/wp\/v2\/product"}],"about":[{"href":"https:\/\/shamanduradiving.com\/it\/wp-json\/wp\/v2\/types\/product"}],"version-history":[{"count":0,"href":"https:\/\/shamanduradiving.com\/it\/wp-json\/wp\/v2\/product\/5066\/revisions"}],"wp:featuredmedia":[{"embeddable":true,"href":"https:\/\/shamanduradiving.com\/it\/wp-json\/wp\/v2\/media\/4239"}],"wp:attachment":[{"href":"https:\/\/shamanduradiving.com\/it\/wp-json\/wp\/v2\/media?parent=5066"}],"wp:term":[{"taxonomy":"product_brand","embeddable":true,"href":"https:\/\/shamanduradiving.com\/it\/wp-json\/wp\/v2\/product_brand?post=5066"},{"taxonomy":"product_cat","embeddable":true,"href":"https:\/\/shamanduradiving.com\/it\/wp-json\/wp\/v2\/product_cat?post=5066"},{"taxonomy":"product_tag","embeddable":true,"href":"https:\/\/shamanduradiving.com\/it\/wp-json\/wp\/v2\/product_tag?post=5066"}],"curies":[{"name":"wp","href":"https:\/\/api.w.org\/{rel}","templated":true}]}}