{"id":5067,"date":"2021-04-24T14:25:38","date_gmt":"2021-04-24T14:25:38","guid":{"rendered":"https:\/\/www.shamanduradiving.com\/product\/subacqueo-profondo\/"},"modified":"2023-03-13T23:29:33","modified_gmt":"2023-03-13T23:29:33","slug":"sommozzatore-2","status":"publish","type":"product","link":"https:\/\/shamanduradiving.com\/it\/product\/sommozzatore-2\/","title":{"rendered":"Subacqueo profondo"},"content":{"rendered":"<p>Il richiamo degli abissi. C&#8217;\u00e8 qualcosa di eccitante e misterioso nell&#8217;esplorare siti di immersione pi\u00f9 profondi durante le immersioni subacquee. A volte \u00e8 un relitto che ti attrae sotto i 18 metri\/60 piedi, e nelle immersioni a parete pu\u00f2 essere un gigantesco ventaglio o una spugna. Qualunque cosa sia, per immergerti con sicurezza a profondit\u00e0 fino a 40 metri\/130 piedi, dovresti seguire il corso di specialit\u00e0 PADI Deep Diver.<\/p>\n<p>Se hai ottenuto il grado PADI Adventure Diver o superiore e hai almeno 15 anni, puoi iscriverti al corso Deep Diver.<\/p>\n","protected":false},"excerpt":{"rendered":"<div id=\"comp-jrus1sl2\" class=\"_2bafp\" data-testid=\"richTextElement\">\n<p class=\"font_8\">I subacquei profondi entusiasti, c&#8217;\u00e8 qualcosa di eccitante e misterioso nell&#8217;esplorare i siti di immersione pi\u00f9 profondi durante le immersioni subacquee, per immergersi con sicurezza a profondit\u00e0 fino a 40 metri\/130 piedi richiesto un addestramento specialistico profondo inizia esaminando i motivi dell&#8217;immersione profonda e quanto sia importante sapere i tuoi limiti personali. Durante quattro immersioni profonde con il tuo istruttore.<\/p>\n<\/div>\n<p>Esplora siti di immersione pi\u00f9 profondi con sicurezza a profondit\u00e0 fino a 40 metri\/130 piedi. Impara a gestire la tua fornitura di gas, esaminare le procedure di contatto con gli amici e il controllo dell&#8217;assetto.<\/p>\n","protected":false},"featured_media":4235,"template":"","meta":{"om_disable_all_campaigns":false},"product_brand":[],"product_cat":[198],"product_tag":[],"class_list":{"0":"post-5067","1":"product","2":"type-product","3":"status-publish","4":"has-post-thumbnail","6":"product_cat-corsi-di-specialita-padi","8":"first","9":"instock","10":"purchasable","11":"product-type-simple"},"jetpack_sharing_enabled":true,"_links":{"self":[{"href":"https:\/\/shamanduradiving.com\/it\/wp-json\/wp\/v2\/product\/5067","targetHints":{"allow":["GET"]}}],"collection":[{"href":"https:\/\/shamanduradiving.com\/it\/wp-json\/wp\/v2\/product"}],"about":[{"href":"https:\/\/shamanduradiving.com\/it\/wp-json\/wp\/v2\/types\/product"}],"version-history":[{"count":0,"href":"https:\/\/shamanduradiving.com\/it\/wp-json\/wp\/v2\/product\/5067\/revisions"}],"wp:featuredmedia":[{"embeddable":true,"href":"https:\/\/shamanduradiving.com\/it\/wp-json\/wp\/v2\/media\/4235"}],"wp:attachment":[{"href":"https:\/\/shamanduradiving.com\/it\/wp-json\/wp\/v2\/media?parent=5067"}],"wp:term":[{"taxonomy":"product_brand","embeddable":true,"href":"https:\/\/shamanduradiving.com\/it\/wp-json\/wp\/v2\/product_brand?post=5067"},{"taxonomy":"product_cat","embeddable":true,"href":"https:\/\/shamanduradiving.com\/it\/wp-json\/wp\/v2\/product_cat?post=5067"},{"taxonomy":"product_tag","embeddable":true,"href":"https:\/\/shamanduradiving.com\/it\/wp-json\/wp\/v2\/product_tag?post=5067"}],"curies":[{"name":"wp","href":"https:\/\/api.w.org\/{rel}","templated":true}]}}