{"id":5068,"date":"2021-04-24T14:24:25","date_gmt":"2021-04-24T14:24:25","guid":{"rendered":"https:\/\/www.shamanduradiving.com\/product\/arricchito-air-diver-nitrox\/"},"modified":"2023-03-13T23:29:50","modified_gmt":"2023-03-13T23:29:50","slug":"arricchito-aria-subacqueo-nitrox","status":"publish","type":"product","link":"https:\/\/shamanduradiving.com\/it\/product\/arricchito-aria-subacqueo-nitrox\/","title":{"rendered":"Arricchito Air Diver &#8211; Nitrox"},"content":{"rendered":"<p>L&#8217;aria arricchita, nota anche come &#8220;nitrox&#8221;, \u00e8 una forma di gas respiratorio che consente ai subacquei di prolungare il tempo di fondo e ridurre il carico di azoto. \u00c8 il corso di specialit\u00e0 PADI pi\u00f9 popolare. PADI Enriched Air Diver pu\u00f2 essere completato in appena un pomeriggio. Dopo aver completato il tuo apprendimento online, applicherai le conoscenze che hai appreso praticando le procedure per ottenere e analizzare l&#8217;aria arricchita con il tuo Istruttore PADI. Hai anche la possibilit\u00e0 di completare due immersioni in acque libere con aria arricchita. Questa certificazione conta ai fini della valutazione PADI Master Scuba Diver. *Questa quota del corso copre solo la tua formazione online, le valutazioni e la certificazione. Le tasse di formazione pratica, le immersioni, l&#8217;attrezzatura subacquea, la lista degli studenti e il registro sono disponibili a un costo aggiuntivo tramite Shamandura PADI Dive Resort.<\/p>\n","protected":false},"excerpt":{"rendered":"<p>Il corso Enriched Air Diver \u00e8 il corso di specialit\u00e0 pi\u00f9 popolare. Come mai? Perch\u00e9 le immersioni con aria arricchita nitrox ti danno pi\u00f9 tempo di non decompressione, specialmente nelle immersioni ripetitive. Se rimanere pi\u00f9 a lungo e tornare in acqua prima ti sembra allettante, non esitare a diventare un subacqueo arricchito.<\/p>\n<p>Il corso di specialit\u00e0 PADI pi\u00f9 popolare. Le immersioni con aria arricchita nitrox ti danno pi\u00f9 tempo di non decompressione, specialmente nelle immersioni ripetitive.<\/p>\n","protected":false},"featured_media":4227,"template":"","meta":{"om_disable_all_campaigns":false},"product_brand":[],"product_cat":[198],"product_tag":[],"class_list":{"0":"post-5068","1":"product","2":"type-product","3":"status-publish","4":"has-post-thumbnail","6":"product_cat-corsi-di-specialita-padi","8":"first","9":"instock","10":"purchasable","11":"product-type-simple"},"jetpack_sharing_enabled":true,"_links":{"self":[{"href":"https:\/\/shamanduradiving.com\/it\/wp-json\/wp\/v2\/product\/5068","targetHints":{"allow":["GET"]}}],"collection":[{"href":"https:\/\/shamanduradiving.com\/it\/wp-json\/wp\/v2\/product"}],"about":[{"href":"https:\/\/shamanduradiving.com\/it\/wp-json\/wp\/v2\/types\/product"}],"version-history":[{"count":0,"href":"https:\/\/shamanduradiving.com\/it\/wp-json\/wp\/v2\/product\/5068\/revisions"}],"wp:featuredmedia":[{"embeddable":true,"href":"https:\/\/shamanduradiving.com\/it\/wp-json\/wp\/v2\/media\/4227"}],"wp:attachment":[{"href":"https:\/\/shamanduradiving.com\/it\/wp-json\/wp\/v2\/media?parent=5068"}],"wp:term":[{"taxonomy":"product_brand","embeddable":true,"href":"https:\/\/shamanduradiving.com\/it\/wp-json\/wp\/v2\/product_brand?post=5068"},{"taxonomy":"product_cat","embeddable":true,"href":"https:\/\/shamanduradiving.com\/it\/wp-json\/wp\/v2\/product_cat?post=5068"},{"taxonomy":"product_tag","embeddable":true,"href":"https:\/\/shamanduradiving.com\/it\/wp-json\/wp\/v2\/product_tag?post=5068"}],"curies":[{"name":"wp","href":"https:\/\/api.w.org\/{rel}","templated":true}]}}