{"id":5069,"date":"2021-04-24T14:21:27","date_gmt":"2021-04-24T14:21:27","guid":{"rendered":"https:\/\/www.shamanduradiving.com\/product\/subacqueo-notturno\/"},"modified":"2023-03-13T23:30:10","modified_gmt":"2023-03-13T23:30:10","slug":"subacqueo-notturno","status":"publish","type":"product","link":"https:\/\/shamanduradiving.com\/it\/product\/subacqueo-notturno\/","title":{"rendered":"Subacqueo notturno"},"content":{"rendered":"<p>Il pensiero di immergersi sotto la superficie di notte sembra misterioso, eppure cos\u00ec allettante. Anche se hai gi\u00e0 fatto immersioni in un sito molte volte, di notte cadi in un mondo completamente nuovo e lo guardi prendere vita sotto il bagliore della tua luce subacquea. La scena cambia quando le creature diurne si ritirano ed emergono organismi notturni. Se ti sei chiesto cosa succede sott&#8217;acqua dopo il tramonto, iscriviti al corso PADI Night Diver Specialty.<\/p>\n<p>I PADI (Junior) Open Water Divers o superiori, che abbiano almeno 12 anni, possono iscriversi al corso di specialit\u00e0 Night Diver.<\/p>\n","protected":false},"excerpt":{"rendered":"<p>Il mondo sottomarino cambia quando le creature diurne si ritirano e gli organismi notturni emergono. Se ti sei chiesto cosa succede sott&#8217;acqua dopo il tramonto. Questo corso \u00e8 progettato per essere un&#8217;introduzione alle immersioni notturne e per aiutare i subacquei a sviluppare le abilit\u00e0, le conoscenze e le tecniche necessarie per partecipare in sicurezza alle attivit\u00e0 subacquee notturne in modo divertente e divertente. L&#8217;obiettivo principale di questo corso \u00e8 garantire pratiche di immersione sicure durante la notte.<\/p>\n","protected":false},"featured_media":4231,"template":"","meta":{"om_disable_all_campaigns":false},"product_brand":[],"product_cat":[198],"product_tag":[],"class_list":{"0":"post-5069","1":"product","2":"type-product","3":"status-publish","4":"has-post-thumbnail","6":"product_cat-corsi-di-specialita-padi","8":"first","9":"instock","10":"shipping-taxable","11":"purchasable","12":"product-type-simple"},"jetpack_sharing_enabled":true,"_links":{"self":[{"href":"https:\/\/shamanduradiving.com\/it\/wp-json\/wp\/v2\/product\/5069","targetHints":{"allow":["GET"]}}],"collection":[{"href":"https:\/\/shamanduradiving.com\/it\/wp-json\/wp\/v2\/product"}],"about":[{"href":"https:\/\/shamanduradiving.com\/it\/wp-json\/wp\/v2\/types\/product"}],"version-history":[{"count":0,"href":"https:\/\/shamanduradiving.com\/it\/wp-json\/wp\/v2\/product\/5069\/revisions"}],"wp:featuredmedia":[{"embeddable":true,"href":"https:\/\/shamanduradiving.com\/it\/wp-json\/wp\/v2\/media\/4231"}],"wp:attachment":[{"href":"https:\/\/shamanduradiving.com\/it\/wp-json\/wp\/v2\/media?parent=5069"}],"wp:term":[{"taxonomy":"product_brand","embeddable":true,"href":"https:\/\/shamanduradiving.com\/it\/wp-json\/wp\/v2\/product_brand?post=5069"},{"taxonomy":"product_cat","embeddable":true,"href":"https:\/\/shamanduradiving.com\/it\/wp-json\/wp\/v2\/product_cat?post=5069"},{"taxonomy":"product_tag","embeddable":true,"href":"https:\/\/shamanduradiving.com\/it\/wp-json\/wp\/v2\/product_tag?post=5069"}],"curies":[{"name":"wp","href":"https:\/\/api.w.org\/{rel}","templated":true}]}}