{"id":5071,"date":"2021-04-24T14:12:51","date_gmt":"2021-04-24T14:12:51","guid":{"rendered":"https:\/\/www.shamanduradiving.com\/product\/subacqueo-in-barca\/"},"modified":"2023-03-13T23:30:42","modified_gmt":"2023-03-13T23:30:42","slug":"barca-subacqueo","status":"publish","type":"product","link":"https:\/\/shamanduradiving.com\/it\/product\/barca-subacqueo\/","title":{"rendered":"Subacqueo in barca"},"content":{"rendered":"<p>Gran parte dei migliori siti di immersione del mondo \u00e8 accessibile solo in barca. il corso Boat Diver Specialty ti giover\u00e0 perch\u00e9 le barche in varie parti del mondo fanno le cose in modo diverso. Le immersioni da una barca sono divertenti e relativamente facili perch\u00e9 di solito scendi direttamente sul tuo sito di immersione. Il corso di specialit\u00e0 Boat Diver amplier\u00e0 le tue conoscenze sulle barche dai piccoli gommoni alle grandi crociere completando due immersioni da una barca.<\/p>\n","protected":false},"excerpt":{"rendered":"<p>Questo corso ti aiuta ad ampliare le tue conoscenze sulle barche dai piccoli gommoni alle grandi crociere. Acquisirai esperienza con le immersioni completando due immersioni da una barca.<\/p>\n","protected":false},"featured_media":4223,"template":"","meta":{"om_disable_all_campaigns":false},"product_brand":[],"product_cat":[198],"product_tag":[],"class_list":{"0":"post-5071","1":"product","2":"type-product","3":"status-publish","4":"has-post-thumbnail","6":"product_cat-corsi-di-specialita-padi","8":"first","9":"instock","10":"purchasable","11":"product-type-simple"},"jetpack_sharing_enabled":true,"_links":{"self":[{"href":"https:\/\/shamanduradiving.com\/it\/wp-json\/wp\/v2\/product\/5071","targetHints":{"allow":["GET"]}}],"collection":[{"href":"https:\/\/shamanduradiving.com\/it\/wp-json\/wp\/v2\/product"}],"about":[{"href":"https:\/\/shamanduradiving.com\/it\/wp-json\/wp\/v2\/types\/product"}],"version-history":[{"count":0,"href":"https:\/\/shamanduradiving.com\/it\/wp-json\/wp\/v2\/product\/5071\/revisions"}],"wp:featuredmedia":[{"embeddable":true,"href":"https:\/\/shamanduradiving.com\/it\/wp-json\/wp\/v2\/media\/4223"}],"wp:attachment":[{"href":"https:\/\/shamanduradiving.com\/it\/wp-json\/wp\/v2\/media?parent=5071"}],"wp:term":[{"taxonomy":"product_brand","embeddable":true,"href":"https:\/\/shamanduradiving.com\/it\/wp-json\/wp\/v2\/product_brand?post=5071"},{"taxonomy":"product_cat","embeddable":true,"href":"https:\/\/shamanduradiving.com\/it\/wp-json\/wp\/v2\/product_cat?post=5071"},{"taxonomy":"product_tag","embeddable":true,"href":"https:\/\/shamanduradiving.com\/it\/wp-json\/wp\/v2\/product_tag?post=5071"}],"curies":[{"name":"wp","href":"https:\/\/api.w.org\/{rel}","templated":true}]}}