{"id":5072,"date":"2021-04-24T14:04:48","date_gmt":"2021-04-24T14:04:48","guid":{"rendered":"https:\/\/www.shamanduradiving.com\/product\/subacqueo-davventura\/"},"modified":"2023-03-13T23:30:59","modified_gmt":"2023-03-13T23:30:59","slug":"tuffatore-davventura","status":"publish","type":"product","link":"https:\/\/shamanduradiving.com\/it\/product\/tuffatore-davventura\/","title":{"rendered":"Subacqueo d&#8217;avventura"},"content":{"rendered":"<p>Il corso Adventure Diver \u00e8 un sottoinsieme del corso PADI Advanced Open Water Diver. Hai sempre desiderato provare la fotografia subacquea digitale, l&#8217;identificazione dei pesci o le immersioni con muta stagna? C&#8217;\u00e8 una lunga lista di avventure subacquee a cui puoi prendere parte durante questo programma. Completa tre Adventure Dive e otterrai la certificazione Adventure Diver. \u00c8 una grande opportunit\u00e0 per lavorare con il tuo istruttore per sviluppare le tue abilit\u00e0 subacquee e acquisire pi\u00f9 sicurezza. Assapora ci\u00f2 che ti piace e goditi le immersioni subacquee pi\u00f9 che mai.<\/p>\n","protected":false},"excerpt":{"rendered":"<p>Completa tre Adventure Dives (fotografia subacquea, identificazione dei pesci, ecc.) e ottieni la certificazione Adventure Diver, un sottogruppo del corso PADI Advanced Open Water Diver.<\/p>\n","protected":false},"featured_media":5543,"template":"","meta":{"om_disable_all_campaigns":false},"product_brand":[],"product_cat":[199],"product_tag":[],"class_list":{"0":"post-5072","1":"product","2":"type-product","3":"status-publish","4":"has-post-thumbnail","6":"product_cat-corsi-padi","8":"first","9":"instock","10":"purchasable","11":"product-type-simple"},"jetpack_sharing_enabled":true,"_links":{"self":[{"href":"https:\/\/shamanduradiving.com\/it\/wp-json\/wp\/v2\/product\/5072","targetHints":{"allow":["GET"]}}],"collection":[{"href":"https:\/\/shamanduradiving.com\/it\/wp-json\/wp\/v2\/product"}],"about":[{"href":"https:\/\/shamanduradiving.com\/it\/wp-json\/wp\/v2\/types\/product"}],"version-history":[{"count":0,"href":"https:\/\/shamanduradiving.com\/it\/wp-json\/wp\/v2\/product\/5072\/revisions"}],"wp:featuredmedia":[{"embeddable":true,"href":"https:\/\/shamanduradiving.com\/it\/wp-json\/wp\/v2\/media\/5543"}],"wp:attachment":[{"href":"https:\/\/shamanduradiving.com\/it\/wp-json\/wp\/v2\/media?parent=5072"}],"wp:term":[{"taxonomy":"product_brand","embeddable":true,"href":"https:\/\/shamanduradiving.com\/it\/wp-json\/wp\/v2\/product_brand?post=5072"},{"taxonomy":"product_cat","embeddable":true,"href":"https:\/\/shamanduradiving.com\/it\/wp-json\/wp\/v2\/product_cat?post=5072"},{"taxonomy":"product_tag","embeddable":true,"href":"https:\/\/shamanduradiving.com\/it\/wp-json\/wp\/v2\/product_tag?post=5072"}],"curies":[{"name":"wp","href":"https:\/\/api.w.org\/{rel}","templated":true}]}}